{"id":13,"date":"2025-02-20T16:32:22","date_gmt":"2025-02-20T15:32:22","guid":{"rendered":"http:\/\/www.cub40ua.ufra.o2switch.site\/?page_id=13"},"modified":"2025-03-16T16:31:05","modified_gmt":"2025-03-16T15:31:05","slug":"el-cabo-da-roca","status":"publish","type":"page","link":"https:\/\/www.cub40ua.ufra.o2switch.site\/?page_id=13","title":{"rendered":"El cabo da roca"},"content":{"rendered":"\n\n\n\n<hr class=\"wp-block-separator has-alpha-channel-opacity\"\/>\n\n\n\n<h2 class=\"wp-block-heading\">Au bout de l&rsquo;Europe, face \u00e0 l&rsquo;Atlantique<\/h2>\n\n\n\n<p>Situ\u00e9 \u00e0 une quarante kilom\u00e8tres de l&rsquo;ouest de Lisbonne, Cabo Da Roca est l&rsquo;un des sites naturels les plus embl\u00e9matiques du Portugal. Ce promontoire si spectaculaire, surplombant l&rsquo;Atlantique, marque le point le plus Occidental du continent europ\u00e9en. Ses falaises abruptes de pr\u00e8s de 140 m\u00e8tres de haut offrent un panorama \u00e9poustouflant qui attire les voyageurs en qu\u00eate de paysages sauvages et grandioses.<\/p>\n\n\n\n<p>Cabo Da Roca est aussi un lieu charg\u00e9 d&rsquo;histoire et de po\u00e9sie <\/p>\n\n\n\n<p>Ce lieu n&rsquo;est pas qu&rsquo;un simple point g\u00e9ographique, il est aussi charg\u00e9 de po\u00e9sie et d&rsquo;histoire. A l&rsquo;entr\u00e9e du site, une st\u00e8le de pierre est inscrite par le po\u00e8te Lu\u00eds de Cam\u00f5es.<\/p>\n\n\n\n<blockquote class=\"wp-block-quote is-layout-flow wp-block-quote-is-layout-flow\">\n<p>\u00ab\u00a0Aqui&#8230; onde a terra se acaba e o mar come\u00e7a\u00a0\u00bb c&rsquo;est-\u00e0-dire Ici&#8230; o\u00f9 la terre s&rsquo;ach\u00e8ve et o\u00f9 la mer commence.<\/p>\n<\/blockquote>\n\n\n\n<p>Ces mots correspondent parfaitement \u00e0 la puissance et \u00e0 la beaut\u00e9 de la nature de cet endroit qui donne une impression du bout du monde. Autrefois, le lieu jouait un r\u00f4le strat\u00e9gique dans la d\u00e9fense portugaise gr\u00e2ce aux fortifications du XVIIe si\u00e8cle.<\/p>\n\n\n\n<p>L&rsquo;un des plus grands attraits de Cabo Da Roca est sans aucun doute son paysage saisissant. Les falaises escarp\u00e9es plongeant dans l&rsquo;oc\u00e9an offrent un spectacle fascinant. Le phare rouge et blanc compl\u00e8te cette carte postale. <\/p>\n\n\n\n<p><\/p>\n\n\n\n<hr class=\"wp-block-separator has-alpha-channel-opacity\"\/>\n","protected":false},"excerpt":{"rendered":"<p>Au bout de l&rsquo;Europe, face \u00e0 l&rsquo;Atlantique Situ\u00e9 \u00e0 une quarante kilom\u00e8tres de l&rsquo;ouest de Lisbonne, Cabo Da Roca est l&rsquo;un des sites naturels les plus embl\u00e9matiques du Portugal. Ce promontoire si spectaculaire, surplombant l&rsquo;Atlantique, marque le point le plus Occidental du continent europ\u00e9en. Ses falaises abruptes de pr\u00e8s de 140 m\u00e8tres de haut offrent &hellip; <\/p>\n<p class=\"link-more\"><a href=\"https:\/\/www.cub40ua.ufra.o2switch.site\/?page_id=13\" class=\"more-link\">Lire la suite de<span class=\"screen-reader-text\">\u00ab\u00a0El cabo da roca\u00a0\u00bb<\/span><\/a><\/p>\n","protected":false},"author":1,"featured_media":0,"parent":0,"menu_order":0,"comment_status":"open","ping_status":"closed","template":"","meta":{"footnotes":""},"class_list":["post-13","page","type-page","status-publish","hentry"],"yoast_head":"<!-- This site is optimized with the Yoast SEO plugin v24.5 - https:\/\/yoast.com\/wordpress\/plugins\/seo\/ -->\n<title>El cabo da roca - Le Portugal<\/title>\n<meta name=\"robots\" content=\"index, follow, max-snippet:-1, max-image-preview:large, max-video-preview:-1\" \/>\n<link rel=\"canonical\" href=\"https:\/\/www.cub40ua.ufra.o2switch.site\/?page_id=13\" \/>\n<meta property=\"og:locale\" content=\"fr_FR\" \/>\n<meta property=\"og:type\" content=\"article\" \/>\n<meta property=\"og:title\" content=\"El cabo da roca - Le Portugal\" \/>\n<meta property=\"og:description\" content=\"Au bout de l&rsquo;Europe, face \u00e0 l&rsquo;Atlantique Situ\u00e9 \u00e0 une quarante kilom\u00e8tres de l&rsquo;ouest de Lisbonne, Cabo Da Roca est l&rsquo;un des sites naturels les plus embl\u00e9matiques du Portugal. Ce promontoire si spectaculaire, surplombant l&rsquo;Atlantique, marque le point le plus Occidental du continent europ\u00e9en. Ses falaises abruptes de pr\u00e8s de 140 m\u00e8tres de haut offrent &hellip; Lire la suite de\u00ab\u00a0El cabo da roca\u00a0\u00bb\" \/>\n<meta property=\"og:url\" content=\"https:\/\/www.cub40ua.ufra.o2switch.site\/?page_id=13\" \/>\n<meta property=\"og:site_name\" content=\"Le Portugal\" \/>\n<meta property=\"article:modified_time\" content=\"2025-03-16T15:31:05+00:00\" \/>\n<meta name=\"twitter:card\" content=\"summary_large_image\" \/>\n<meta name=\"twitter:label1\" content=\"Dur\u00e9e de lecture estim\u00e9e\" \/>\n\t<meta name=\"twitter:data1\" content=\"1 minute\" \/>\n<script type=\"application\/ld+json\" class=\"yoast-schema-graph\">{\"@context\":\"https:\/\/schema.org\",\"@graph\":[{\"@type\":\"WebPage\",\"@id\":\"https:\/\/www.cub40ua.ufra.o2switch.site\/?page_id=13\",\"url\":\"https:\/\/www.cub40ua.ufra.o2switch.site\/?page_id=13\",\"name\":\"El cabo da roca - Le Portugal\",\"isPartOf\":{\"@id\":\"https:\/\/www.cub40ua.ufra.o2switch.site\/#website\"},\"datePublished\":\"2025-02-20T15:32:22+00:00\",\"dateModified\":\"2025-03-16T15:31:05+00:00\",\"breadcrumb\":{\"@id\":\"https:\/\/www.cub40ua.ufra.o2switch.site\/?page_id=13#breadcrumb\"},\"inLanguage\":\"fr-FR\",\"potentialAction\":[{\"@type\":\"ReadAction\",\"target\":[\"https:\/\/www.cub40ua.ufra.o2switch.site\/?page_id=13\"]}]},{\"@type\":\"BreadcrumbList\",\"@id\":\"https:\/\/www.cub40ua.ufra.o2switch.site\/?page_id=13#breadcrumb\",\"itemListElement\":[{\"@type\":\"ListItem\",\"position\":1,\"name\":\"Accueil\",\"item\":\"https:\/\/www.cub40ua.ufra.o2switch.site\/\"},{\"@type\":\"ListItem\",\"position\":2,\"name\":\"El cabo da roca\"}]},{\"@type\":\"WebSite\",\"@id\":\"https:\/\/www.cub40ua.ufra.o2switch.site\/#website\",\"url\":\"https:\/\/www.cub40ua.ufra.o2switch.site\/\",\"name\":\"Le Portugal\",\"description\":\"\",\"publisher\":{\"@id\":\"https:\/\/www.cub40ua.ufra.o2switch.site\/#organization\"},\"potentialAction\":[{\"@type\":\"SearchAction\",\"target\":{\"@type\":\"EntryPoint\",\"urlTemplate\":\"https:\/\/www.cub40ua.ufra.o2switch.site\/?s={search_term_string}\"},\"query-input\":{\"@type\":\"PropertyValueSpecification\",\"valueRequired\":true,\"valueName\":\"search_term_string\"}}],\"inLanguage\":\"fr-FR\"},{\"@type\":\"Organization\",\"@id\":\"https:\/\/www.cub40ua.ufra.o2switch.site\/#organization\",\"name\":\"Le Portugal\",\"url\":\"https:\/\/www.cub40ua.ufra.o2switch.site\/\",\"logo\":{\"@type\":\"ImageObject\",\"inLanguage\":\"fr-FR\",\"@id\":\"https:\/\/www.cub40ua.ufra.o2switch.site\/#\/schema\/logo\/image\/\",\"url\":\"https:\/\/www.cub40ua.ufra.o2switch.site\/wp-content\/uploads\/2025\/02\/cropped-Le-Portugal-2.png\",\"contentUrl\":\"https:\/\/www.cub40ua.ufra.o2switch.site\/wp-content\/uploads\/2025\/02\/cropped-Le-Portugal-2.png\",\"width\":288,\"height\":351,\"caption\":\"Le Portugal\"},\"image\":{\"@id\":\"https:\/\/www.cub40ua.ufra.o2switch.site\/#\/schema\/logo\/image\/\"}}]}<\/script>\n<!-- \/ Yoast SEO plugin. -->","yoast_head_json":{"title":"El cabo da roca - Le Portugal","robots":{"index":"index","follow":"follow","max-snippet":"max-snippet:-1","max-image-preview":"max-image-preview:large","max-video-preview":"max-video-preview:-1"},"canonical":"https:\/\/www.cub40ua.ufra.o2switch.site\/?page_id=13","og_locale":"fr_FR","og_type":"article","og_title":"El cabo da roca - Le Portugal","og_description":"Au bout de l&rsquo;Europe, face \u00e0 l&rsquo;Atlantique Situ\u00e9 \u00e0 une quarante kilom\u00e8tres de l&rsquo;ouest de Lisbonne, Cabo Da Roca est l&rsquo;un des sites naturels les plus embl\u00e9matiques du Portugal. Ce promontoire si spectaculaire, surplombant l&rsquo;Atlantique, marque le point le plus Occidental du continent europ\u00e9en. Ses falaises abruptes de pr\u00e8s de 140 m\u00e8tres de haut offrent &hellip; Lire la suite de\u00ab\u00a0El cabo da roca\u00a0\u00bb","og_url":"https:\/\/www.cub40ua.ufra.o2switch.site\/?page_id=13","og_site_name":"Le Portugal","article_modified_time":"2025-03-16T15:31:05+00:00","twitter_card":"summary_large_image","twitter_misc":{"Dur\u00e9e de lecture estim\u00e9e":"1 minute"},"schema":{"@context":"https:\/\/schema.org","@graph":[{"@type":"WebPage","@id":"https:\/\/www.cub40ua.ufra.o2switch.site\/?page_id=13","url":"https:\/\/www.cub40ua.ufra.o2switch.site\/?page_id=13","name":"El cabo da roca - Le Portugal","isPartOf":{"@id":"https:\/\/www.cub40ua.ufra.o2switch.site\/#website"},"datePublished":"2025-02-20T15:32:22+00:00","dateModified":"2025-03-16T15:31:05+00:00","breadcrumb":{"@id":"https:\/\/www.cub40ua.ufra.o2switch.site\/?page_id=13#breadcrumb"},"inLanguage":"fr-FR","potentialAction":[{"@type":"ReadAction","target":["https:\/\/www.cub40ua.ufra.o2switch.site\/?page_id=13"]}]},{"@type":"BreadcrumbList","@id":"https:\/\/www.cub40ua.ufra.o2switch.site\/?page_id=13#breadcrumb","itemListElement":[{"@type":"ListItem","position":1,"name":"Accueil","item":"https:\/\/www.cub40ua.ufra.o2switch.site\/"},{"@type":"ListItem","position":2,"name":"El cabo da roca"}]},{"@type":"WebSite","@id":"https:\/\/www.cub40ua.ufra.o2switch.site\/#website","url":"https:\/\/www.cub40ua.ufra.o2switch.site\/","name":"Le Portugal","description":"","publisher":{"@id":"https:\/\/www.cub40ua.ufra.o2switch.site\/#organization"},"potentialAction":[{"@type":"SearchAction","target":{"@type":"EntryPoint","urlTemplate":"https:\/\/www.cub40ua.ufra.o2switch.site\/?s={search_term_string}"},"query-input":{"@type":"PropertyValueSpecification","valueRequired":true,"valueName":"search_term_string"}}],"inLanguage":"fr-FR"},{"@type":"Organization","@id":"https:\/\/www.cub40ua.ufra.o2switch.site\/#organization","name":"Le Portugal","url":"https:\/\/www.cub40ua.ufra.o2switch.site\/","logo":{"@type":"ImageObject","inLanguage":"fr-FR","@id":"https:\/\/www.cub40ua.ufra.o2switch.site\/#\/schema\/logo\/image\/","url":"https:\/\/www.cub40ua.ufra.o2switch.site\/wp-content\/uploads\/2025\/02\/cropped-Le-Portugal-2.png","contentUrl":"https:\/\/www.cub40ua.ufra.o2switch.site\/wp-content\/uploads\/2025\/02\/cropped-Le-Portugal-2.png","width":288,"height":351,"caption":"Le Portugal"},"image":{"@id":"https:\/\/www.cub40ua.ufra.o2switch.site\/#\/schema\/logo\/image\/"}}]}},"_links":{"self":[{"href":"https:\/\/www.cub40ua.ufra.o2switch.site\/index.php?rest_route=\/wp\/v2\/pages\/13","targetHints":{"allow":["GET"]}}],"collection":[{"href":"https:\/\/www.cub40ua.ufra.o2switch.site\/index.php?rest_route=\/wp\/v2\/pages"}],"about":[{"href":"https:\/\/www.cub40ua.ufra.o2switch.site\/index.php?rest_route=\/wp\/v2\/types\/page"}],"author":[{"embeddable":true,"href":"https:\/\/www.cub40ua.ufra.o2switch.site\/index.php?rest_route=\/wp\/v2\/users\/1"}],"replies":[{"embeddable":true,"href":"https:\/\/www.cub40ua.ufra.o2switch.site\/index.php?rest_route=%2Fwp%2Fv2%2Fcomments&post=13"}],"version-history":[{"count":12,"href":"https:\/\/www.cub40ua.ufra.o2switch.site\/index.php?rest_route=\/wp\/v2\/pages\/13\/revisions"}],"predecessor-version":[{"id":379,"href":"https:\/\/www.cub40ua.ufra.o2switch.site\/index.php?rest_route=\/wp\/v2\/pages\/13\/revisions\/379"}],"wp:attachment":[{"href":"https:\/\/www.cub40ua.ufra.o2switch.site\/index.php?rest_route=%2Fwp%2Fv2%2Fmedia&parent=13"}],"curies":[{"name":"wp","href":"https:\/\/api.w.org\/{rel}","templated":true}]}}