{"id":160,"date":"2025-03-11T22:20:13","date_gmt":"2025-03-11T21:20:13","guid":{"rendered":"http:\/\/www.cub40ua.ufra.o2switch.site\/?page_id=160"},"modified":"2025-03-16T16:22:00","modified_gmt":"2025-03-16T15:22:00","slug":"ou-manger-2","status":"publish","type":"page","link":"https:\/\/www.cub40ua.ufra.o2switch.site\/?page_id=160","title":{"rendered":"O\u00f9 manger ?"},"content":{"rendered":"\n<p>Porto, la ville du Douro et du c\u00e9l\u00e8bre vin de Porto, est aussi une destination incontournable pour les amateurs de gastronomie. Entre sp\u00e9cialit\u00e9s locales, et ses adresses \u00e9toil\u00e9es, la ville regorge de restaurants o\u00f9 l&rsquo;on peut savourer l&rsquo;authenticit\u00e9 de la cuisine portugaise.<\/p>\n\n\n\n<h2 class=\"wp-block-heading\">Les sp\u00e9cialit\u00e9s \u00e0 go\u00fbter absolument <\/h2>\n\n\n\n<p><strong>Caf\u00e9 Santiago, le meilleur endroit pour une Francesinha<\/strong><\/p>\n\n\n\n<p>Si vous venez \u00e0 Porto, il faut absolument go\u00fbter la Francesinh, ce sandwich g\u00e9n\u00e9reux avec du pain, du steak, des saucisses, le tout recouvert de fromage fondu avec une sauce \u00e9pic\u00e9e \u00e0 la bi\u00e8re. Le caf\u00e9 Santiago est l&rsquo;une des adresses les plus r\u00e9put\u00e9es pour d\u00e9guster cette sp\u00e9cialit\u00e9 embl\u00e9matique.<\/p>\n\n\n\n<p><strong>O Buraco, une taverne traditionnelle \u00e0 ne pas manquer<\/strong><\/p>\n\n\n\n<p>Si vous cherchez une adresse typique avec une cuisine simple et savoureuse. Ce restaurant familial est r\u00e9put\u00e9 pour ses plats g\u00e9n\u00e9reux \u00e0 base de poisson et de viande, comme la Bacalhau \u00e0 Br\u00e1s. <\/p>\n\n\n\n<p><strong>Taberna Santo Ant\u00f3nio, un coin authentique pour go\u00fbter aux saveurs locales<\/strong><\/p>\n\n\n\n<p>Situ\u00e9e par une petite ruelle calme, Taberna Santo Ant\u00f3nio est un restaurant incontournable pour les amateurs de cuisine portugaise authentique. On y d\u00e9guste des plats faits maison comme un rago\u00fbt traditionnel portugais appel\u00e9 le cozido a portuguesa. <\/p>\n\n\n\n<h2 class=\"wp-block-heading\">O\u00f9 manger du poisson et des fruits de mer \u00e0 Porto ? <\/h2>\n\n\n\n<p><strong>A Marisqueira de Matosinhos, pour les amateurs de fruits de mer<\/strong><\/p>\n\n\n\n<p>A quelques minutes du centre-ville, A Marisqueira de Matosinhos est une institution o\u00f9 l&rsquo;on d\u00e9guste du poulpe grill\u00e9 et des crevettes g\u00e9antes, accompagn\u00e9s d&rsquo;un bon vin blanc local. <\/p>\n\n\n\n<p><strong>Bacalhau, un restaurant avec vue sur le Douro<\/strong><\/p>\n\n\n\n<p>Bacalhau est sp\u00e9cialis\u00e9 dans la morue comme l&rsquo;indique son nom. Avec une belle terrasse offrant une vue sur le fleuve, ce restaurant propose des recettes revisit\u00e9es comme la morue confite avec la pur\u00e9e de pois chiches.<\/p>\n\n\n\n<p><strong>O Gaveto, l&rsquo;excellence du poisson grill\u00e9<\/strong><\/p>\n\n\n\n<p>Pour d\u00e9guster du poisson frais et grill\u00e9, ce restaurant est une r\u00e9f\u00e9rence. Il sert des sp\u00e9cialit\u00e9s locales comme le bar \u00e0 la braise, les calamars grill\u00e9s et les palourdes \u00e0 Bulh\u00e3o Pato (une sauce portugaise avec du citron, coriandre et ail). <\/p>\n\n\n\n<h2 class=\"wp-block-heading\">Exp\u00e9rience gastronomique avec d\u00e9gustation de vin <\/h2>\n\n\n\n<p><strong>The Yeatman, une exp\u00e9rience gastronomique \u00e9toil\u00e9e<\/strong><\/p>\n\n\n\n<p>Si vous recherchez une exp\u00e9rience culinaire raffin\u00e9e, The Yeatman est un restaurant \u00e9toil\u00e9 au Michelin. Il propose une cuisine gastronomique portugaise revisit\u00e9e avec un accord mets et vins exceptionnel. Situ\u00e9 \u00e0 Vila Nova de Gaia, il offre une vue panoramique sur Porto.<\/p>\n\n\n\n<p><strong>Vinum, un d\u00eener au coeur des caves de Porto<\/strong><\/p>\n\n\n\n<p>Le restaurant Vinum, situ\u00e9 dans les caves de Graham&rsquo;s, est un endroit parfait pour d\u00e9guster une cuisine portugaise accompagn\u00e9e d&rsquo;excellents vins de Porto. Parmi les plats propos\u00e9s, nous vous sugg\u00e9rons le cabri r\u00f4ti au four et la c\u00f4te de boeuf matur\u00e9e.  <\/p>\n\n\n\n<h2 class=\"wp-block-heading\">O\u00f9 prendre un petit-d\u00e9jeuner ou un go\u00fbter \u00e0 Porto ? <\/h2>\n\n\n\n<p><strong>Confeitaria do Bolh\u00e3o, un caf\u00e9 historique pour une Past\u00e9is de Nata<\/strong><\/p>\n\n\n\n<p>Situ\u00e9 \u00e0 proximit\u00e9 de Mercado do Bolh\u00e3o, cette p\u00e2tisserie historique est id\u00e9ale pour savourer une Past\u00e9is de Nata avec un caf\u00e9 portugais serr\u00e9. L&rsquo;ambiance r\u00e9tro et les desserts traditionnels en font l&rsquo;incontournable.<\/p>\n\n\n\n<p><\/p>\n\n\n\n<p>Porto est une ville o\u00f9 la gastronomie occupe une grande place entre les traditions culinaires et les influences modernes. La ville regorge de bonnes adresses pour satisfaire toutes vos envies.<\/p>\n\n\n\n<p><\/p>\n\n\n\n<hr class=\"wp-block-separator has-alpha-channel-opacity\"\/>\n","protected":false},"excerpt":{"rendered":"<p>Porto, la ville du Douro et du c\u00e9l\u00e8bre vin de Porto, est aussi une destination incontournable pour les amateurs de gastronomie. Entre sp\u00e9cialit\u00e9s locales, et ses adresses \u00e9toil\u00e9es, la ville regorge de restaurants o\u00f9 l&rsquo;on peut savourer l&rsquo;authenticit\u00e9 de la cuisine portugaise. Les sp\u00e9cialit\u00e9s \u00e0 go\u00fbter absolument Caf\u00e9 Santiago, le meilleur endroit pour une Francesinha &hellip; <\/p>\n<p class=\"link-more\"><a href=\"https:\/\/www.cub40ua.ufra.o2switch.site\/?page_id=160\" class=\"more-link\">Lire la suite de<span class=\"screen-reader-text\">\u00ab\u00a0O\u00f9 manger ?\u00a0\u00bb<\/span><\/a><\/p>\n","protected":false},"author":1,"featured_media":0,"parent":0,"menu_order":0,"comment_status":"open","ping_status":"closed","template":"","meta":{"footnotes":""},"class_list":["post-160","page","type-page","status-publish","hentry"],"yoast_head":"<!-- This site is optimized with the Yoast SEO plugin v24.5 - https:\/\/yoast.com\/wordpress\/plugins\/seo\/ -->\n<title>O\u00f9 manger ? - Le Portugal<\/title>\n<meta name=\"robots\" content=\"index, follow, max-snippet:-1, max-image-preview:large, max-video-preview:-1\" \/>\n<link rel=\"canonical\" href=\"http:\/\/www.cub40ua.ufra.o2switch.site\/?page_id=160\" \/>\n<meta property=\"og:locale\" content=\"fr_FR\" \/>\n<meta property=\"og:type\" content=\"article\" \/>\n<meta property=\"og:title\" content=\"O\u00f9 manger ? - Le Portugal\" \/>\n<meta property=\"og:description\" content=\"Porto, la ville du Douro et du c\u00e9l\u00e8bre vin de Porto, est aussi une destination incontournable pour les amateurs de gastronomie. Entre sp\u00e9cialit\u00e9s locales, et ses adresses \u00e9toil\u00e9es, la ville regorge de restaurants o\u00f9 l&rsquo;on peut savourer l&rsquo;authenticit\u00e9 de la cuisine portugaise. Les sp\u00e9cialit\u00e9s \u00e0 go\u00fbter absolument Caf\u00e9 Santiago, le meilleur endroit pour une Francesinha &hellip; Lire la suite de\u00ab\u00a0O\u00f9 manger ?\u00a0\u00bb\" \/>\n<meta property=\"og:url\" content=\"http:\/\/www.cub40ua.ufra.o2switch.site\/?page_id=160\" \/>\n<meta property=\"og:site_name\" content=\"Le Portugal\" \/>\n<meta property=\"article:modified_time\" content=\"2025-03-16T15:22:00+00:00\" \/>\n<meta name=\"twitter:card\" content=\"summary_large_image\" \/>\n<meta name=\"twitter:label1\" content=\"Dur\u00e9e de lecture estim\u00e9e\" \/>\n\t<meta name=\"twitter:data1\" content=\"3 minutes\" \/>\n<script type=\"application\/ld+json\" class=\"yoast-schema-graph\">{\"@context\":\"https:\/\/schema.org\",\"@graph\":[{\"@type\":\"WebPage\",\"@id\":\"http:\/\/www.cub40ua.ufra.o2switch.site\/?page_id=160\",\"url\":\"http:\/\/www.cub40ua.ufra.o2switch.site\/?page_id=160\",\"name\":\"O\u00f9 manger ? - Le Portugal\",\"isPartOf\":{\"@id\":\"https:\/\/www.cub40ua.ufra.o2switch.site\/#website\"},\"datePublished\":\"2025-03-11T21:20:13+00:00\",\"dateModified\":\"2025-03-16T15:22:00+00:00\",\"breadcrumb\":{\"@id\":\"http:\/\/www.cub40ua.ufra.o2switch.site\/?page_id=160#breadcrumb\"},\"inLanguage\":\"fr-FR\",\"potentialAction\":[{\"@type\":\"ReadAction\",\"target\":[\"http:\/\/www.cub40ua.ufra.o2switch.site\/?page_id=160\"]}]},{\"@type\":\"BreadcrumbList\",\"@id\":\"http:\/\/www.cub40ua.ufra.o2switch.site\/?page_id=160#breadcrumb\",\"itemListElement\":[{\"@type\":\"ListItem\",\"position\":1,\"name\":\"Accueil\",\"item\":\"https:\/\/www.cub40ua.ufra.o2switch.site\/\"},{\"@type\":\"ListItem\",\"position\":2,\"name\":\"O\u00f9 manger ?\"}]},{\"@type\":\"WebSite\",\"@id\":\"https:\/\/www.cub40ua.ufra.o2switch.site\/#website\",\"url\":\"https:\/\/www.cub40ua.ufra.o2switch.site\/\",\"name\":\"Le Portugal\",\"description\":\"\",\"publisher\":{\"@id\":\"https:\/\/www.cub40ua.ufra.o2switch.site\/#organization\"},\"potentialAction\":[{\"@type\":\"SearchAction\",\"target\":{\"@type\":\"EntryPoint\",\"urlTemplate\":\"https:\/\/www.cub40ua.ufra.o2switch.site\/?s={search_term_string}\"},\"query-input\":{\"@type\":\"PropertyValueSpecification\",\"valueRequired\":true,\"valueName\":\"search_term_string\"}}],\"inLanguage\":\"fr-FR\"},{\"@type\":\"Organization\",\"@id\":\"https:\/\/www.cub40ua.ufra.o2switch.site\/#organization\",\"name\":\"Le Portugal\",\"url\":\"https:\/\/www.cub40ua.ufra.o2switch.site\/\",\"logo\":{\"@type\":\"ImageObject\",\"inLanguage\":\"fr-FR\",\"@id\":\"https:\/\/www.cub40ua.ufra.o2switch.site\/#\/schema\/logo\/image\/\",\"url\":\"https:\/\/www.cub40ua.ufra.o2switch.site\/wp-content\/uploads\/2025\/02\/cropped-Le-Portugal-2.png\",\"contentUrl\":\"https:\/\/www.cub40ua.ufra.o2switch.site\/wp-content\/uploads\/2025\/02\/cropped-Le-Portugal-2.png\",\"width\":288,\"height\":351,\"caption\":\"Le Portugal\"},\"image\":{\"@id\":\"https:\/\/www.cub40ua.ufra.o2switch.site\/#\/schema\/logo\/image\/\"}}]}<\/script>\n<!-- \/ Yoast SEO plugin. -->","yoast_head_json":{"title":"O\u00f9 manger ? - Le Portugal","robots":{"index":"index","follow":"follow","max-snippet":"max-snippet:-1","max-image-preview":"max-image-preview:large","max-video-preview":"max-video-preview:-1"},"canonical":"http:\/\/www.cub40ua.ufra.o2switch.site\/?page_id=160","og_locale":"fr_FR","og_type":"article","og_title":"O\u00f9 manger ? - Le Portugal","og_description":"Porto, la ville du Douro et du c\u00e9l\u00e8bre vin de Porto, est aussi une destination incontournable pour les amateurs de gastronomie. Entre sp\u00e9cialit\u00e9s locales, et ses adresses \u00e9toil\u00e9es, la ville regorge de restaurants o\u00f9 l&rsquo;on peut savourer l&rsquo;authenticit\u00e9 de la cuisine portugaise. Les sp\u00e9cialit\u00e9s \u00e0 go\u00fbter absolument Caf\u00e9 Santiago, le meilleur endroit pour une Francesinha &hellip; Lire la suite de\u00ab\u00a0O\u00f9 manger ?\u00a0\u00bb","og_url":"http:\/\/www.cub40ua.ufra.o2switch.site\/?page_id=160","og_site_name":"Le Portugal","article_modified_time":"2025-03-16T15:22:00+00:00","twitter_card":"summary_large_image","twitter_misc":{"Dur\u00e9e de lecture estim\u00e9e":"3 minutes"},"schema":{"@context":"https:\/\/schema.org","@graph":[{"@type":"WebPage","@id":"http:\/\/www.cub40ua.ufra.o2switch.site\/?page_id=160","url":"http:\/\/www.cub40ua.ufra.o2switch.site\/?page_id=160","name":"O\u00f9 manger ? - Le Portugal","isPartOf":{"@id":"https:\/\/www.cub40ua.ufra.o2switch.site\/#website"},"datePublished":"2025-03-11T21:20:13+00:00","dateModified":"2025-03-16T15:22:00+00:00","breadcrumb":{"@id":"http:\/\/www.cub40ua.ufra.o2switch.site\/?page_id=160#breadcrumb"},"inLanguage":"fr-FR","potentialAction":[{"@type":"ReadAction","target":["http:\/\/www.cub40ua.ufra.o2switch.site\/?page_id=160"]}]},{"@type":"BreadcrumbList","@id":"http:\/\/www.cub40ua.ufra.o2switch.site\/?page_id=160#breadcrumb","itemListElement":[{"@type":"ListItem","position":1,"name":"Accueil","item":"https:\/\/www.cub40ua.ufra.o2switch.site\/"},{"@type":"ListItem","position":2,"name":"O\u00f9 manger ?"}]},{"@type":"WebSite","@id":"https:\/\/www.cub40ua.ufra.o2switch.site\/#website","url":"https:\/\/www.cub40ua.ufra.o2switch.site\/","name":"Le Portugal","description":"","publisher":{"@id":"https:\/\/www.cub40ua.ufra.o2switch.site\/#organization"},"potentialAction":[{"@type":"SearchAction","target":{"@type":"EntryPoint","urlTemplate":"https:\/\/www.cub40ua.ufra.o2switch.site\/?s={search_term_string}"},"query-input":{"@type":"PropertyValueSpecification","valueRequired":true,"valueName":"search_term_string"}}],"inLanguage":"fr-FR"},{"@type":"Organization","@id":"https:\/\/www.cub40ua.ufra.o2switch.site\/#organization","name":"Le Portugal","url":"https:\/\/www.cub40ua.ufra.o2switch.site\/","logo":{"@type":"ImageObject","inLanguage":"fr-FR","@id":"https:\/\/www.cub40ua.ufra.o2switch.site\/#\/schema\/logo\/image\/","url":"https:\/\/www.cub40ua.ufra.o2switch.site\/wp-content\/uploads\/2025\/02\/cropped-Le-Portugal-2.png","contentUrl":"https:\/\/www.cub40ua.ufra.o2switch.site\/wp-content\/uploads\/2025\/02\/cropped-Le-Portugal-2.png","width":288,"height":351,"caption":"Le Portugal"},"image":{"@id":"https:\/\/www.cub40ua.ufra.o2switch.site\/#\/schema\/logo\/image\/"}}]}},"_links":{"self":[{"href":"https:\/\/www.cub40ua.ufra.o2switch.site\/index.php?rest_route=\/wp\/v2\/pages\/160","targetHints":{"allow":["GET"]}}],"collection":[{"href":"https:\/\/www.cub40ua.ufra.o2switch.site\/index.php?rest_route=\/wp\/v2\/pages"}],"about":[{"href":"https:\/\/www.cub40ua.ufra.o2switch.site\/index.php?rest_route=\/wp\/v2\/types\/page"}],"author":[{"embeddable":true,"href":"https:\/\/www.cub40ua.ufra.o2switch.site\/index.php?rest_route=\/wp\/v2\/users\/1"}],"replies":[{"embeddable":true,"href":"https:\/\/www.cub40ua.ufra.o2switch.site\/index.php?rest_route=%2Fwp%2Fv2%2Fcomments&post=160"}],"version-history":[{"count":5,"href":"https:\/\/www.cub40ua.ufra.o2switch.site\/index.php?rest_route=\/wp\/v2\/pages\/160\/revisions"}],"predecessor-version":[{"id":374,"href":"https:\/\/www.cub40ua.ufra.o2switch.site\/index.php?rest_route=\/wp\/v2\/pages\/160\/revisions\/374"}],"wp:attachment":[{"href":"https:\/\/www.cub40ua.ufra.o2switch.site\/index.php?rest_route=%2Fwp%2Fv2%2Fmedia&parent=160"}],"curies":[{"name":"wp","href":"https:\/\/api.w.org\/{rel}","templated":true}]}}