{"id":84,"date":"2025-03-02T19:16:00","date_gmt":"2025-03-02T18:16:00","guid":{"rendered":"http:\/\/www.cub40ua.ufra.o2switch.site\/?page_id=84"},"modified":"2025-03-16T16:24:55","modified_gmt":"2025-03-16T15:24:55","slug":"ou-manger","status":"publish","type":"page","link":"https:\/\/www.cub40ua.ufra.o2switch.site\/?page_id=84","title":{"rendered":"O\u00f9 manger ?"},"content":{"rendered":"\n<p><\/p>\n\n\n\n<p>Lisbonne est une destination de r\u00eave pour les amateurs de gastronomie. Entre les restaurants traditionnels, ses march\u00e9s anim\u00e9s et ses adresses branch\u00e9es, la capitale portugaise offre une vari\u00e9t\u00e9 culinaire et savoureuse. Que vous soyez plut\u00f4t de cuisine locale, de fruits de mer ou de nouvelles tendances gastronomiques, voici un guide des meilleurs endroits o\u00f9 manger \u00e0 Lisbonne.<\/p>\n\n\n\n<h2 class=\"wp-block-heading\">Les incontournables de la cuisine portugaise<\/h2>\n\n\n\n<p><strong>Ramiro, le paradis des amateurs de fruits de mer<\/strong><\/p>\n\n\n\n<p><\/p>\n\n\n\n<p>Si vous aimez les fruits de mer, Cervejaria Ramiro est une adresse incontournable. Ce restaurant embl\u00e9matique, ouvert depuis 1956, est r\u00e9put\u00e9 pour ses gambas g\u00e9antes, les palourdes \u00e0 l&rsquo;ail et les crabes farcis. Ses propositions se d\u00e9gustent accompagn\u00e9es d&rsquo;un verre de bi\u00e8re bien fra\u00eeche. L&rsquo;attention peut \u00eatre longue mais, l&rsquo;exp\u00e9rience vaut largement le d\u00e9tour.<\/p>\n\n\n\n<p><strong>O Trevo, l&rsquo;adresse parfaite pour une bifana<\/strong><\/p>\n\n\n\n<p>Impossible de visiter Lisbonne sans go\u00fbter \u00e0 la Bifana, ce petit sandwich garni de viande de porc marin\u00e9e et servie dans un pain croustillant. O Trevo, une taverne typique situ\u00e9e sur la Pra\u00e7a Lu\u00eds de Cam\u00f5es, est connue pour servir l&rsquo;une des meilleures bifanas de la ville. C&rsquo;est un en-cas simple mais, savoureux.<\/p>\n\n\n\n<p><strong>A casa do Bacalhau, l&rsquo;art de cuisiner la morue<\/strong><\/p>\n\n\n\n<p>Le Portugal est c\u00e9l\u00e8bre pour sa morue et A casa do Bacalhau en propose plus d&rsquo;une dizaine de recettes diff\u00e9rentes. Le Bacalhau \u00e0 Br\u00e1s est un m\u00e9lange de morue \u00e9miett\u00e9e, d&rsquo;oeufs et de pommes de terre. Ce plat est l&rsquo;un des plats les plus appr\u00e9ci\u00e9s.<\/p>\n\n\n\n<h2 class=\"wp-block-heading\">Manger dans des lieux authentiques <\/h2>\n\n\n\n<p><strong>Time out Market, une explosion de saveurs sous un m\u00eame toit<\/strong><\/p>\n\n\n\n<p>Situ\u00e9 dans l&rsquo;ancien march\u00e9 de Ribeira, le Time Out Market est une halle gastronomique o\u00f9 plusieurs chefs portugais proposent leurs sp\u00e9cialit\u00e9s. Ici, vous pouvez d\u00e9guster des plats typiques et revisit\u00e9s \u00e0 base de produits locaux. C&rsquo;est l&rsquo;endroit parfait pour go\u00fbter \u00e0 la diversit\u00e9 culinaire de Lisbonne en un seul repas dans une tr\u00e8s bonne ambiance conviviale.<\/p>\n\n\n\n<p><strong>Taberna da Rua das Flores, une adresse cach\u00e9e pour un repas typique<\/strong><\/p>\n\n\n\n<p>Dans une petite ruelle du quartier de Chiado, Taberna da rua das Flores propose une cuisine portugaise revisit\u00e9e, servie sous forme de petits plats \u00e0 partager, autrement dit des tapas. L&rsquo;endroit est intime, mais les saveurs y sont exceptionnelles. La carte change r\u00e9guli\u00e8rement en fonction des produits du march\u00e9.<\/p>\n\n\n\n<h2 class=\"wp-block-heading\">Exp\u00e9riences gastronomiques et adresses insolites<\/h2>\n\n\n\n<p><strong>Ponton final, un d\u00eener au bord du Tage<\/strong><\/p>\n\n\n\n<p>Sur la rive oppos\u00e9e du fleuve du Tage, Ponto Final est un restaurant qui offre une vue imprenable sur Lisbonne. Pour y arriver, il faut prendre le ferry depuis Cais do Sobr\u00e9 jusqu&rsquo;\u00e0 Cacilhas, puis marcher quelques minutes. On d\u00e9guste du poisson grill\u00e9 et des plats traditionnels portugais, le tout accompagn\u00e9 d&rsquo;un coucher de soleil spectaculaire. <\/p>\n\n\n\n<p><strong>Pharmacia, un restaurant dans une ancienne pharmacie<\/strong><\/p>\n\n\n\n<p>Install\u00e9 dans l&rsquo;ancien b\u00e2timent de l&rsquo;Odre des Pharmaciens, Pharmacia propose une cuisine portugaise moderne dans un cadre original inspir\u00e9 du monde m\u00e9dical. Les plats sont cr\u00e9atifs et la carte des cocktails est tout aussi surprenante. C&rsquo;est une adresse id\u00e9ale pour un d\u00eener entre amis dans une ambiance atypique. <\/p>\n\n\n\n<h2 class=\"wp-block-heading\">Les meilleurs endroits pour un petit d\u00e9jeuner ou une pause gourmande<\/h2>\n\n\n\n<p><strong>Les past\u00e9is de Bel\u00e9m, les meilleures past\u00e9is de nata de la ville<\/strong><\/p>\n\n\n\n<p>Difficile de visiter Lisbonne sans go\u00fbter aux past\u00e9is de nata, ces fameuses tartelettes \u00e0 la cr\u00e8me fondante et \u00e0 la p\u00e2te croustillante. La plus c\u00e9l\u00e8bre adresse pour en d\u00e9guster une v\u00e9ritable et authentique se trouve dans la p\u00e2tisserie Past\u00e9is de Bel\u00e9m, o\u00f9 la recette est gard\u00e9e secr\u00e8te et inchang\u00e9e depuis 1837. <\/p>\n\n\n\n<p><strong>Fabrica coffee Roasters, pour les amateurs de caf\u00e9s de sp\u00e9cialit\u00e9<\/strong><\/p>\n\n\n\n<p>Si vous aimez le bon caf\u00e9, Fabrica Coffee Roasters est une adresse incontournable. Ce caf\u00e9 artisanal propose des grains soigneusement s\u00e9lectionn\u00e9s et torr\u00e9fi\u00e9s sur place. Parfait pour accompagner une d\u00e9licieuse p\u00e2tisserie locale. <\/p>\n\n\n\n<p><\/p>\n\n\n\n<p>Pour conclure, Lisbonne est une ville o\u00f9 l&rsquo;on mange bien \u00e0 chaque coin de rue. Entre les restaurants traditionnels, les march\u00e9s gourmands et les adresses insolites, il y en a pour tous les go\u00fbts et tous les budgets. <\/p>\n\n\n\n<p><\/p>\n\n\n\n<hr class=\"wp-block-separator has-alpha-channel-opacity\"\/>\n","protected":false},"excerpt":{"rendered":"<p>Lisbonne est une destination de r\u00eave pour les amateurs de gastronomie. Entre les restaurants traditionnels, ses march\u00e9s anim\u00e9s et ses adresses branch\u00e9es, la capitale portugaise offre une vari\u00e9t\u00e9 culinaire et savoureuse. Que vous soyez plut\u00f4t de cuisine locale, de fruits de mer ou de nouvelles tendances gastronomiques, voici un guide des meilleurs endroits o\u00f9 manger &hellip; <\/p>\n<p class=\"link-more\"><a href=\"https:\/\/www.cub40ua.ufra.o2switch.site\/?page_id=84\" class=\"more-link\">Lire la suite de<span class=\"screen-reader-text\">\u00ab\u00a0O\u00f9 manger ?\u00a0\u00bb<\/span><\/a><\/p>\n","protected":false},"author":1,"featured_media":0,"parent":0,"menu_order":0,"comment_status":"open","ping_status":"closed","template":"","meta":{"footnotes":""},"class_list":["post-84","page","type-page","status-publish","hentry"],"yoast_head":"<!-- This site is optimized with the Yoast SEO plugin v24.5 - https:\/\/yoast.com\/wordpress\/plugins\/seo\/ -->\n<title>O\u00f9 manger ? - Le Portugal<\/title>\n<meta name=\"robots\" content=\"index, follow, max-snippet:-1, max-image-preview:large, max-video-preview:-1\" \/>\n<link rel=\"canonical\" href=\"https:\/\/www.cub40ua.ufra.o2switch.site\/?page_id=84\" \/>\n<meta property=\"og:locale\" content=\"fr_FR\" \/>\n<meta property=\"og:type\" content=\"article\" \/>\n<meta property=\"og:title\" content=\"O\u00f9 manger ? - Le Portugal\" \/>\n<meta property=\"og:description\" content=\"Lisbonne est une destination de r\u00eave pour les amateurs de gastronomie. Entre les restaurants traditionnels, ses march\u00e9s anim\u00e9s et ses adresses branch\u00e9es, la capitale portugaise offre une vari\u00e9t\u00e9 culinaire et savoureuse. Que vous soyez plut\u00f4t de cuisine locale, de fruits de mer ou de nouvelles tendances gastronomiques, voici un guide des meilleurs endroits o\u00f9 manger &hellip; Lire la suite de\u00ab\u00a0O\u00f9 manger ?\u00a0\u00bb\" \/>\n<meta property=\"og:url\" content=\"https:\/\/www.cub40ua.ufra.o2switch.site\/?page_id=84\" \/>\n<meta property=\"og:site_name\" content=\"Le Portugal\" \/>\n<meta property=\"article:modified_time\" content=\"2025-03-16T15:24:55+00:00\" \/>\n<meta name=\"twitter:card\" content=\"summary_large_image\" \/>\n<meta name=\"twitter:label1\" content=\"Dur\u00e9e de lecture estim\u00e9e\" \/>\n\t<meta name=\"twitter:data1\" content=\"4 minutes\" \/>\n<script type=\"application\/ld+json\" class=\"yoast-schema-graph\">{\"@context\":\"https:\/\/schema.org\",\"@graph\":[{\"@type\":\"WebPage\",\"@id\":\"https:\/\/www.cub40ua.ufra.o2switch.site\/?page_id=84\",\"url\":\"https:\/\/www.cub40ua.ufra.o2switch.site\/?page_id=84\",\"name\":\"O\u00f9 manger ? - Le Portugal\",\"isPartOf\":{\"@id\":\"https:\/\/www.cub40ua.ufra.o2switch.site\/#website\"},\"datePublished\":\"2025-03-02T18:16:00+00:00\",\"dateModified\":\"2025-03-16T15:24:55+00:00\",\"breadcrumb\":{\"@id\":\"https:\/\/www.cub40ua.ufra.o2switch.site\/?page_id=84#breadcrumb\"},\"inLanguage\":\"fr-FR\",\"potentialAction\":[{\"@type\":\"ReadAction\",\"target\":[\"https:\/\/www.cub40ua.ufra.o2switch.site\/?page_id=84\"]}]},{\"@type\":\"BreadcrumbList\",\"@id\":\"https:\/\/www.cub40ua.ufra.o2switch.site\/?page_id=84#breadcrumb\",\"itemListElement\":[{\"@type\":\"ListItem\",\"position\":1,\"name\":\"Accueil\",\"item\":\"https:\/\/www.cub40ua.ufra.o2switch.site\/\"},{\"@type\":\"ListItem\",\"position\":2,\"name\":\"O\u00f9 manger ?\"}]},{\"@type\":\"WebSite\",\"@id\":\"https:\/\/www.cub40ua.ufra.o2switch.site\/#website\",\"url\":\"https:\/\/www.cub40ua.ufra.o2switch.site\/\",\"name\":\"Le Portugal\",\"description\":\"\",\"publisher\":{\"@id\":\"https:\/\/www.cub40ua.ufra.o2switch.site\/#organization\"},\"potentialAction\":[{\"@type\":\"SearchAction\",\"target\":{\"@type\":\"EntryPoint\",\"urlTemplate\":\"https:\/\/www.cub40ua.ufra.o2switch.site\/?s={search_term_string}\"},\"query-input\":{\"@type\":\"PropertyValueSpecification\",\"valueRequired\":true,\"valueName\":\"search_term_string\"}}],\"inLanguage\":\"fr-FR\"},{\"@type\":\"Organization\",\"@id\":\"https:\/\/www.cub40ua.ufra.o2switch.site\/#organization\",\"name\":\"Le Portugal\",\"url\":\"https:\/\/www.cub40ua.ufra.o2switch.site\/\",\"logo\":{\"@type\":\"ImageObject\",\"inLanguage\":\"fr-FR\",\"@id\":\"https:\/\/www.cub40ua.ufra.o2switch.site\/#\/schema\/logo\/image\/\",\"url\":\"https:\/\/www.cub40ua.ufra.o2switch.site\/wp-content\/uploads\/2025\/02\/cropped-Le-Portugal-2.png\",\"contentUrl\":\"https:\/\/www.cub40ua.ufra.o2switch.site\/wp-content\/uploads\/2025\/02\/cropped-Le-Portugal-2.png\",\"width\":288,\"height\":351,\"caption\":\"Le Portugal\"},\"image\":{\"@id\":\"https:\/\/www.cub40ua.ufra.o2switch.site\/#\/schema\/logo\/image\/\"}}]}<\/script>\n<!-- \/ Yoast SEO plugin. -->","yoast_head_json":{"title":"O\u00f9 manger ? - Le Portugal","robots":{"index":"index","follow":"follow","max-snippet":"max-snippet:-1","max-image-preview":"max-image-preview:large","max-video-preview":"max-video-preview:-1"},"canonical":"https:\/\/www.cub40ua.ufra.o2switch.site\/?page_id=84","og_locale":"fr_FR","og_type":"article","og_title":"O\u00f9 manger ? - Le Portugal","og_description":"Lisbonne est une destination de r\u00eave pour les amateurs de gastronomie. Entre les restaurants traditionnels, ses march\u00e9s anim\u00e9s et ses adresses branch\u00e9es, la capitale portugaise offre une vari\u00e9t\u00e9 culinaire et savoureuse. Que vous soyez plut\u00f4t de cuisine locale, de fruits de mer ou de nouvelles tendances gastronomiques, voici un guide des meilleurs endroits o\u00f9 manger &hellip; Lire la suite de\u00ab\u00a0O\u00f9 manger ?\u00a0\u00bb","og_url":"https:\/\/www.cub40ua.ufra.o2switch.site\/?page_id=84","og_site_name":"Le Portugal","article_modified_time":"2025-03-16T15:24:55+00:00","twitter_card":"summary_large_image","twitter_misc":{"Dur\u00e9e de lecture estim\u00e9e":"4 minutes"},"schema":{"@context":"https:\/\/schema.org","@graph":[{"@type":"WebPage","@id":"https:\/\/www.cub40ua.ufra.o2switch.site\/?page_id=84","url":"https:\/\/www.cub40ua.ufra.o2switch.site\/?page_id=84","name":"O\u00f9 manger ? - Le Portugal","isPartOf":{"@id":"https:\/\/www.cub40ua.ufra.o2switch.site\/#website"},"datePublished":"2025-03-02T18:16:00+00:00","dateModified":"2025-03-16T15:24:55+00:00","breadcrumb":{"@id":"https:\/\/www.cub40ua.ufra.o2switch.site\/?page_id=84#breadcrumb"},"inLanguage":"fr-FR","potentialAction":[{"@type":"ReadAction","target":["https:\/\/www.cub40ua.ufra.o2switch.site\/?page_id=84"]}]},{"@type":"BreadcrumbList","@id":"https:\/\/www.cub40ua.ufra.o2switch.site\/?page_id=84#breadcrumb","itemListElement":[{"@type":"ListItem","position":1,"name":"Accueil","item":"https:\/\/www.cub40ua.ufra.o2switch.site\/"},{"@type":"ListItem","position":2,"name":"O\u00f9 manger ?"}]},{"@type":"WebSite","@id":"https:\/\/www.cub40ua.ufra.o2switch.site\/#website","url":"https:\/\/www.cub40ua.ufra.o2switch.site\/","name":"Le Portugal","description":"","publisher":{"@id":"https:\/\/www.cub40ua.ufra.o2switch.site\/#organization"},"potentialAction":[{"@type":"SearchAction","target":{"@type":"EntryPoint","urlTemplate":"https:\/\/www.cub40ua.ufra.o2switch.site\/?s={search_term_string}"},"query-input":{"@type":"PropertyValueSpecification","valueRequired":true,"valueName":"search_term_string"}}],"inLanguage":"fr-FR"},{"@type":"Organization","@id":"https:\/\/www.cub40ua.ufra.o2switch.site\/#organization","name":"Le Portugal","url":"https:\/\/www.cub40ua.ufra.o2switch.site\/","logo":{"@type":"ImageObject","inLanguage":"fr-FR","@id":"https:\/\/www.cub40ua.ufra.o2switch.site\/#\/schema\/logo\/image\/","url":"https:\/\/www.cub40ua.ufra.o2switch.site\/wp-content\/uploads\/2025\/02\/cropped-Le-Portugal-2.png","contentUrl":"https:\/\/www.cub40ua.ufra.o2switch.site\/wp-content\/uploads\/2025\/02\/cropped-Le-Portugal-2.png","width":288,"height":351,"caption":"Le Portugal"},"image":{"@id":"https:\/\/www.cub40ua.ufra.o2switch.site\/#\/schema\/logo\/image\/"}}]}},"_links":{"self":[{"href":"https:\/\/www.cub40ua.ufra.o2switch.site\/index.php?rest_route=\/wp\/v2\/pages\/84","targetHints":{"allow":["GET"]}}],"collection":[{"href":"https:\/\/www.cub40ua.ufra.o2switch.site\/index.php?rest_route=\/wp\/v2\/pages"}],"about":[{"href":"https:\/\/www.cub40ua.ufra.o2switch.site\/index.php?rest_route=\/wp\/v2\/types\/page"}],"author":[{"embeddable":true,"href":"https:\/\/www.cub40ua.ufra.o2switch.site\/index.php?rest_route=\/wp\/v2\/users\/1"}],"replies":[{"embeddable":true,"href":"https:\/\/www.cub40ua.ufra.o2switch.site\/index.php?rest_route=%2Fwp%2Fv2%2Fcomments&post=84"}],"version-history":[{"count":7,"href":"https:\/\/www.cub40ua.ufra.o2switch.site\/index.php?rest_route=\/wp\/v2\/pages\/84\/revisions"}],"predecessor-version":[{"id":376,"href":"https:\/\/www.cub40ua.ufra.o2switch.site\/index.php?rest_route=\/wp\/v2\/pages\/84\/revisions\/376"}],"wp:attachment":[{"href":"https:\/\/www.cub40ua.ufra.o2switch.site\/index.php?rest_route=%2Fwp%2Fv2%2Fmedia&parent=84"}],"curies":[{"name":"wp","href":"https:\/\/api.w.org\/{rel}","templated":true}]}}