{"id":85,"date":"2025-03-02T19:16:00","date_gmt":"2025-03-02T18:16:00","guid":{"rendered":"http:\/\/www.cub40ua.ufra.o2switch.site\/?page_id=85"},"modified":"2025-03-16T16:10:09","modified_gmt":"2025-03-16T15:10:09","slug":"que-faire","status":"publish","type":"page","link":"https:\/\/www.cub40ua.ufra.o2switch.site\/?page_id=85","title":{"rendered":"Que faire ?"},"content":{"rendered":"\n<h4 class=\"wp-block-heading\"><mark style=\"background-color:rgba(0, 0, 0, 0);color:#45a834\" class=\"has-inline-color\">Porto est aussi appel\u00e9e la perle du Nord.<\/mark><\/h4>\n\n\n\n<p>Porto, la deuxi\u00e8me plus grande ville du Portugal, est une destination pleine de charme, o\u00f9 l&rsquo;histoire, la gastronomie et les paysages pittoresques se rencontrent. Entre ses ruelles pav\u00e9es, ses azulejos color\u00e9s et surtout son c\u00e9l\u00e8bre vin de Porto. La ville offre une exp\u00e9rience unique aux voyageurs, que vous soyez amateur de culture, de bonne cuisine ou de panoramas \u00e0 couper le souffle. <\/p>\n\n\n\n<h3 class=\"wp-block-heading\">Explorer le centre historique de Porto<\/h3>\n\n\n\n<p><strong>Se perdre dans les ruelles de la Ribeira<\/strong><\/p>\n\n\n\n<p>Le quartier de la Ribeira, class\u00e9 au patrimoine mondial de l&rsquo;UNESCO, est le coeur de Porto. Avec ses maisons color\u00e9es et ses ruelles pav\u00e9es qui descendent vers le fleuve Douro, c&rsquo;est l&rsquo;endroit id\u00e9al pour fl\u00e2ner et admirer l&rsquo;architecture typique de la ville. Le soir, les nombreux restaurants au bord de l&rsquo;eau offrent une ambiance anim\u00e9e avec une vue magnifique sur le pont Dom Lu\u00eds I. <\/p>\n\n\n\n<p><strong>Traverser le pont Dom Lu\u00eds I pour une vue panoramique<\/strong><\/p>\n\n\n\n<p>Impossible de visiter Porto sans emprunter le c\u00e9l\u00e8bre pont Dom Lu\u00eds I, con\u00e7u par un confr\u00e8re de Gustave Eiffel. Ce pont m\u00e9tallique \u00e0 deux niveaux relie Porto \u00e0 Vila Nova de Gaia et offre une vue exceptionnelle sur le fleuve du Douro et les toits orang\u00e9s de la ville. Pour une exp\u00e9rience encore plus impressionnante, traversez-le au coucher du soleil.<\/p>\n\n\n\n<p><strong>D\u00e9couvrir l&rsquo;Eglise S\u00e3o Francisco et son int\u00e9rieur en or<\/strong><\/p>\n\n\n\n<p>Derri\u00e8re une fa\u00e7ade gothique discr\u00e8te, l&rsquo;\u00e9glise S\u00e3o Francisco cache un int\u00e9rieur \u00e9blouissant recouvert de plus de 300 kg de feuilles d&rsquo;or. Ce chef-d&rsquo;oeuvre du baroque portugais est l&rsquo;un des plus impressionnants du pays et une visite passionnante pour les amateurs d&rsquo;art et d&rsquo;histoire.<\/p>\n\n\n\n<p><strong>Entre culture et lieux iconiques<\/strong><\/p>\n\n\n\n<p>Entrer dans la somptueuse Librairie Lello avec son escalier en bois sculpt\u00e9 et son plafond vitr\u00e9, elle est souvent consid\u00e9r\u00e9e comme l&rsquo;une des plus belles librairies du monde. Ce lieu aurait inspir\u00e9 l&rsquo;auteur J.K. Rowling pour la saga Harry Potter, lorsqu&rsquo;elle vivait \u00e0 Porto. L&rsquo;entr\u00e9e est payante mais d\u00e9ductible sur l&rsquo;achat d&rsquo;un livre.<\/p>\n\n\n\n<p><strong>Monter \u00e0 la Tour des Clercs pour admirer Porto d&rsquo;en haut<\/strong><\/p>\n\n\n\n<p>La Torre dos Cl\u00e9rigos est l&rsquo;un des symboles de la ville. Apr\u00e8s avoir gravi ses 225 marches, vous serez r\u00e9compens\u00e9 par une vue panoramique imprenable sur Porto et le Douro. <\/p>\n\n\n\n<h3 class=\"wp-block-heading\">D\u00e9guster le c\u00e9l\u00e8bre vin de Porto <\/h3>\n\n\n\n<p><strong>Visiter les caves de Vila Nova de Gaia<\/strong><\/p>\n\n\n\n<p>Juste de l&rsquo;autre c\u00f4t\u00e9 du Douro, Vila nova de Gaia abrite les caves o\u00f9 le c\u00e9l\u00e8bre vin de Porto est stock\u00e9 et vieilli. Parmi les plus c\u00e9l\u00e8bres, on retrouve Sandeman, Graham&rsquo;s et Taylor&rsquo;s qui proposent des visites guid\u00e9es et des d\u00e9gustations de diff\u00e9rents mill\u00e9simes. <\/p>\n\n\n\n<p>Prendre un verre au WOW Porto, un espace d\u00e9di\u00e9 au vin et \u00e0 la culture <\/p>\n\n\n\n<p>Le WOW Porto (World of Wine) est un complexe moderne regroupant plusieurs mus\u00e9es, bars et restaurant d\u00e9di\u00e9s au vin et \u00e0 la culture portugaise. C&rsquo;est un lieu incontournable pour en apprendre plus sur le terroir portugais tout en profitant d&rsquo;un cadre chic avec vue sur Porto. <\/p>\n\n\n\n<h3 class=\"wp-block-heading\">Balades et excursions en bord de mer <\/h3>\n\n\n\n<p><strong>Faire une croisi\u00e8re sur le Douro<\/strong><\/p>\n\n\n\n<p>L&rsquo;un des meilleurs moyens de d\u00e9couvrir Porto est de prendre un bateau traditionnel, autrement dit Rabelo pour naviguer sur le Douro. Les croisi\u00e8res de six ponts permettent d&rsquo;admirer les diff\u00e9rentes perspectives de la ville depuis l&rsquo;eau, tandis que d&rsquo;autres circuits plus longs emm\u00e8nent jusqu&rsquo;aux vignobles du Douro.<\/p>\n\n\n\n<p><strong>Se d\u00e9tendre \u00e0 Foz do Douro et sur la plage de Matosinhos<\/strong><\/p>\n\n\n\n<p>Envie d&rsquo;un bol d&rsquo;air marin ? Direction Foz do Douro, o\u00f9 le fleuve rencontre l&rsquo;Atlantique. Vous y trouverez une promenade agr\u00e9able le long de l&rsquo;eau, des phares et des plages comme Praia de Matosinhos, un spot pris\u00e9 des surfeurs. <\/p>\n\n\n\n<p><\/p>\n\n\n\n<hr class=\"wp-block-separator has-alpha-channel-opacity\"\/>\n\n\n\n<p><\/p>\n\n\n\n<p><\/p>\n","protected":false},"excerpt":{"rendered":"<p>Porto est aussi appel\u00e9e la perle du Nord. Porto, la deuxi\u00e8me plus grande ville du Portugal, est une destination pleine de charme, o\u00f9 l&rsquo;histoire, la gastronomie et les paysages pittoresques se rencontrent. Entre ses ruelles pav\u00e9es, ses azulejos color\u00e9s et surtout son c\u00e9l\u00e8bre vin de Porto. La ville offre une exp\u00e9rience unique aux voyageurs, que &hellip; <\/p>\n<p class=\"link-more\"><a href=\"https:\/\/www.cub40ua.ufra.o2switch.site\/?page_id=85\" class=\"more-link\">Lire la suite de<span class=\"screen-reader-text\">\u00ab\u00a0Que faire ?\u00a0\u00bb<\/span><\/a><\/p>\n","protected":false},"author":1,"featured_media":0,"parent":0,"menu_order":0,"comment_status":"open","ping_status":"closed","template":"","meta":{"footnotes":""},"class_list":["post-85","page","type-page","status-publish","hentry"],"yoast_head":"<!-- This site is optimized with the Yoast SEO plugin v24.5 - https:\/\/yoast.com\/wordpress\/plugins\/seo\/ -->\n<title>Que faire ? - Le Portugal<\/title>\n<meta name=\"robots\" content=\"index, follow, max-snippet:-1, max-image-preview:large, max-video-preview:-1\" \/>\n<link rel=\"canonical\" href=\"https:\/\/www.cub40ua.ufra.o2switch.site\/?page_id=85\" \/>\n<meta property=\"og:locale\" content=\"fr_FR\" \/>\n<meta property=\"og:type\" content=\"article\" \/>\n<meta property=\"og:title\" content=\"Que faire ? - Le Portugal\" \/>\n<meta property=\"og:description\" content=\"Porto est aussi appel\u00e9e la perle du Nord. Porto, la deuxi\u00e8me plus grande ville du Portugal, est une destination pleine de charme, o\u00f9 l&rsquo;histoire, la gastronomie et les paysages pittoresques se rencontrent. Entre ses ruelles pav\u00e9es, ses azulejos color\u00e9s et surtout son c\u00e9l\u00e8bre vin de Porto. La ville offre une exp\u00e9rience unique aux voyageurs, que &hellip; Lire la suite de\u00ab\u00a0Que faire ?\u00a0\u00bb\" \/>\n<meta property=\"og:url\" content=\"https:\/\/www.cub40ua.ufra.o2switch.site\/?page_id=85\" \/>\n<meta property=\"og:site_name\" content=\"Le Portugal\" \/>\n<meta property=\"article:modified_time\" content=\"2025-03-16T15:10:09+00:00\" \/>\n<meta name=\"twitter:card\" content=\"summary_large_image\" \/>\n<meta name=\"twitter:label1\" content=\"Dur\u00e9e de lecture estim\u00e9e\" \/>\n\t<meta name=\"twitter:data1\" content=\"4 minutes\" \/>\n<script type=\"application\/ld+json\" class=\"yoast-schema-graph\">{\"@context\":\"https:\/\/schema.org\",\"@graph\":[{\"@type\":\"WebPage\",\"@id\":\"https:\/\/www.cub40ua.ufra.o2switch.site\/?page_id=85\",\"url\":\"https:\/\/www.cub40ua.ufra.o2switch.site\/?page_id=85\",\"name\":\"Que faire ? - Le Portugal\",\"isPartOf\":{\"@id\":\"https:\/\/www.cub40ua.ufra.o2switch.site\/#website\"},\"datePublished\":\"2025-03-02T18:16:00+00:00\",\"dateModified\":\"2025-03-16T15:10:09+00:00\",\"breadcrumb\":{\"@id\":\"https:\/\/www.cub40ua.ufra.o2switch.site\/?page_id=85#breadcrumb\"},\"inLanguage\":\"fr-FR\",\"potentialAction\":[{\"@type\":\"ReadAction\",\"target\":[\"https:\/\/www.cub40ua.ufra.o2switch.site\/?page_id=85\"]}]},{\"@type\":\"BreadcrumbList\",\"@id\":\"https:\/\/www.cub40ua.ufra.o2switch.site\/?page_id=85#breadcrumb\",\"itemListElement\":[{\"@type\":\"ListItem\",\"position\":1,\"name\":\"Accueil\",\"item\":\"https:\/\/www.cub40ua.ufra.o2switch.site\/\"},{\"@type\":\"ListItem\",\"position\":2,\"name\":\"Que faire ?\"}]},{\"@type\":\"WebSite\",\"@id\":\"https:\/\/www.cub40ua.ufra.o2switch.site\/#website\",\"url\":\"https:\/\/www.cub40ua.ufra.o2switch.site\/\",\"name\":\"Le Portugal\",\"description\":\"\",\"publisher\":{\"@id\":\"https:\/\/www.cub40ua.ufra.o2switch.site\/#organization\"},\"potentialAction\":[{\"@type\":\"SearchAction\",\"target\":{\"@type\":\"EntryPoint\",\"urlTemplate\":\"https:\/\/www.cub40ua.ufra.o2switch.site\/?s={search_term_string}\"},\"query-input\":{\"@type\":\"PropertyValueSpecification\",\"valueRequired\":true,\"valueName\":\"search_term_string\"}}],\"inLanguage\":\"fr-FR\"},{\"@type\":\"Organization\",\"@id\":\"https:\/\/www.cub40ua.ufra.o2switch.site\/#organization\",\"name\":\"Le Portugal\",\"url\":\"https:\/\/www.cub40ua.ufra.o2switch.site\/\",\"logo\":{\"@type\":\"ImageObject\",\"inLanguage\":\"fr-FR\",\"@id\":\"https:\/\/www.cub40ua.ufra.o2switch.site\/#\/schema\/logo\/image\/\",\"url\":\"https:\/\/www.cub40ua.ufra.o2switch.site\/wp-content\/uploads\/2025\/02\/cropped-Le-Portugal-2.png\",\"contentUrl\":\"https:\/\/www.cub40ua.ufra.o2switch.site\/wp-content\/uploads\/2025\/02\/cropped-Le-Portugal-2.png\",\"width\":288,\"height\":351,\"caption\":\"Le Portugal\"},\"image\":{\"@id\":\"https:\/\/www.cub40ua.ufra.o2switch.site\/#\/schema\/logo\/image\/\"}}]}<\/script>\n<!-- \/ Yoast SEO plugin. -->","yoast_head_json":{"title":"Que faire ? - Le Portugal","robots":{"index":"index","follow":"follow","max-snippet":"max-snippet:-1","max-image-preview":"max-image-preview:large","max-video-preview":"max-video-preview:-1"},"canonical":"https:\/\/www.cub40ua.ufra.o2switch.site\/?page_id=85","og_locale":"fr_FR","og_type":"article","og_title":"Que faire ? - Le Portugal","og_description":"Porto est aussi appel\u00e9e la perle du Nord. Porto, la deuxi\u00e8me plus grande ville du Portugal, est une destination pleine de charme, o\u00f9 l&rsquo;histoire, la gastronomie et les paysages pittoresques se rencontrent. Entre ses ruelles pav\u00e9es, ses azulejos color\u00e9s et surtout son c\u00e9l\u00e8bre vin de Porto. La ville offre une exp\u00e9rience unique aux voyageurs, que &hellip; Lire la suite de\u00ab\u00a0Que faire ?\u00a0\u00bb","og_url":"https:\/\/www.cub40ua.ufra.o2switch.site\/?page_id=85","og_site_name":"Le Portugal","article_modified_time":"2025-03-16T15:10:09+00:00","twitter_card":"summary_large_image","twitter_misc":{"Dur\u00e9e de lecture estim\u00e9e":"4 minutes"},"schema":{"@context":"https:\/\/schema.org","@graph":[{"@type":"WebPage","@id":"https:\/\/www.cub40ua.ufra.o2switch.site\/?page_id=85","url":"https:\/\/www.cub40ua.ufra.o2switch.site\/?page_id=85","name":"Que faire ? - Le Portugal","isPartOf":{"@id":"https:\/\/www.cub40ua.ufra.o2switch.site\/#website"},"datePublished":"2025-03-02T18:16:00+00:00","dateModified":"2025-03-16T15:10:09+00:00","breadcrumb":{"@id":"https:\/\/www.cub40ua.ufra.o2switch.site\/?page_id=85#breadcrumb"},"inLanguage":"fr-FR","potentialAction":[{"@type":"ReadAction","target":["https:\/\/www.cub40ua.ufra.o2switch.site\/?page_id=85"]}]},{"@type":"BreadcrumbList","@id":"https:\/\/www.cub40ua.ufra.o2switch.site\/?page_id=85#breadcrumb","itemListElement":[{"@type":"ListItem","position":1,"name":"Accueil","item":"https:\/\/www.cub40ua.ufra.o2switch.site\/"},{"@type":"ListItem","position":2,"name":"Que faire ?"}]},{"@type":"WebSite","@id":"https:\/\/www.cub40ua.ufra.o2switch.site\/#website","url":"https:\/\/www.cub40ua.ufra.o2switch.site\/","name":"Le Portugal","description":"","publisher":{"@id":"https:\/\/www.cub40ua.ufra.o2switch.site\/#organization"},"potentialAction":[{"@type":"SearchAction","target":{"@type":"EntryPoint","urlTemplate":"https:\/\/www.cub40ua.ufra.o2switch.site\/?s={search_term_string}"},"query-input":{"@type":"PropertyValueSpecification","valueRequired":true,"valueName":"search_term_string"}}],"inLanguage":"fr-FR"},{"@type":"Organization","@id":"https:\/\/www.cub40ua.ufra.o2switch.site\/#organization","name":"Le Portugal","url":"https:\/\/www.cub40ua.ufra.o2switch.site\/","logo":{"@type":"ImageObject","inLanguage":"fr-FR","@id":"https:\/\/www.cub40ua.ufra.o2switch.site\/#\/schema\/logo\/image\/","url":"https:\/\/www.cub40ua.ufra.o2switch.site\/wp-content\/uploads\/2025\/02\/cropped-Le-Portugal-2.png","contentUrl":"https:\/\/www.cub40ua.ufra.o2switch.site\/wp-content\/uploads\/2025\/02\/cropped-Le-Portugal-2.png","width":288,"height":351,"caption":"Le Portugal"},"image":{"@id":"https:\/\/www.cub40ua.ufra.o2switch.site\/#\/schema\/logo\/image\/"}}]}},"_links":{"self":[{"href":"https:\/\/www.cub40ua.ufra.o2switch.site\/index.php?rest_route=\/wp\/v2\/pages\/85","targetHints":{"allow":["GET"]}}],"collection":[{"href":"https:\/\/www.cub40ua.ufra.o2switch.site\/index.php?rest_route=\/wp\/v2\/pages"}],"about":[{"href":"https:\/\/www.cub40ua.ufra.o2switch.site\/index.php?rest_route=\/wp\/v2\/types\/page"}],"author":[{"embeddable":true,"href":"https:\/\/www.cub40ua.ufra.o2switch.site\/index.php?rest_route=\/wp\/v2\/users\/1"}],"replies":[{"embeddable":true,"href":"https:\/\/www.cub40ua.ufra.o2switch.site\/index.php?rest_route=%2Fwp%2Fv2%2Fcomments&post=85"}],"version-history":[{"count":12,"href":"https:\/\/www.cub40ua.ufra.o2switch.site\/index.php?rest_route=\/wp\/v2\/pages\/85\/revisions"}],"predecessor-version":[{"id":366,"href":"https:\/\/www.cub40ua.ufra.o2switch.site\/index.php?rest_route=\/wp\/v2\/pages\/85\/revisions\/366"}],"wp:attachment":[{"href":"https:\/\/www.cub40ua.ufra.o2switch.site\/index.php?rest_route=%2Fwp%2Fv2%2Fmedia&parent=85"}],"curies":[{"name":"wp","href":"https:\/\/api.w.org\/{rel}","templated":true}]}}