{"id":87,"date":"2025-03-02T19:16:00","date_gmt":"2025-03-02T18:16:00","guid":{"rendered":"http:\/\/www.cub40ua.ufra.o2switch.site\/?page_id=87"},"modified":"2025-03-16T16:17:13","modified_gmt":"2025-03-16T15:17:13","slug":"que-faire-2","status":"publish","type":"page","link":"https:\/\/www.cub40ua.ufra.o2switch.site\/?page_id=87","title":{"rendered":"Que faire ?"},"content":{"rendered":"\n<h4 class=\"wp-block-heading\"><mark style=\"background-color:rgba(0, 0, 0, 0);color:#45a933\" class=\"has-inline-color\">Lisbonne est aussi appel\u00e9e la ville aux Sept Collines, alors que faire ?<\/mark><\/h4>\n\n\n\n<p>Lisbonne est une destination incontournable pour une escapade en Europe. Si vous pr\u00e9voyez de visiter la capitale du Portugal, voici quelques id\u00e9es pour profiter pleinement de votre s\u00e9jour ! <\/p>\n\n\n\n<h2 class=\"wp-block-heading\"><mark style=\"background-color:rgba(0, 0, 0, 0)\" class=\"has-inline-color has-white-color\">D\u00e9couvrir les quartiers embl\u00e9matiques <\/mark><\/h2>\n\n\n\n<p><strong>Alfama, le coeur historique de Lisbonne<\/strong><\/p>\n\n\n\n<p>La v\u00e9ritable \u00e2me de Lisbonne est Alfama avec de nombreuses ruelles \u00e9troite et des fa\u00e7ades color\u00e9es avec une \u00e2me de petit village. Petit conseil : promenez-vous dans ce quartier en remontant au Castelo de Sao Jorge pour admirer une vue panoramique sur la ville. <\/p>\n\n\n\n<p><strong>Bairro Alto et Chiado, entre culture et vie nocturne <\/strong><\/p>\n\n\n\n<p>En journ\u00e9e, les quartiers Bairro Alto et Chiado sont parfaits pour fl\u00e2ner entre les librairies historiques et les caf\u00e9s \u00e9l\u00e9gants notamment le c\u00e9l\u00e8bre Caf\u00e9 A Brasileira. Une fois la nuit tomb\u00e9e, Bairro Alto devient le coeur de la f\u00eate avec ses nombreux bars et les rues anim\u00e9es o\u00f9 les habitants et les touristes se retrouvent pour grignoter et \u00e9changer autour d&rsquo;un verre.<\/p>\n\n\n\n<p><strong>Bel\u00e9m, un voyage dans le temps et la gourmandise<\/strong><\/p>\n\n\n\n<p>Bel\u00e9m est un passage oblig\u00e9 pour les amateurs d&rsquo;histoire. La tour de Bel\u00e9m et le Monast\u00e8re des Hi\u00e9ronymites, tous deux class\u00e9s au patrimoine mondial de l&rsquo;UNESCO. Ils t\u00e9moignent du pass\u00e9 glorieux du Portugal \u00e0 l&rsquo;\u00e9poque des grandes d\u00e9couvertes maritimes. Apr\u00e8s ces visites culturelles, arr\u00eatez-vous \u00e0 la c\u00e9l\u00e8bre p\u00e2tisserie Past\u00e9is de Bel\u00e9m, o\u00f9 vous pourrez d\u00e9guster les v\u00e9ritables Past\u00e9is de Nata qui sont des petites tartes \u00e0 la cr\u00e8me dont la recette est tenue secr\u00e8te depuis 1837.<\/p>\n\n\n\n<p><strong>Embarquer dans le c\u00e9l\u00e8bre Tram 28 <\/strong><\/p>\n\n\n\n<p>Le tram 28 est une v\u00e9ritable ic\u00f4ne de Lisbonne. Ce tramway historique en bois vous emm\u00e8ne \u00e0 travers les quartiers embl\u00e9matiques de la ville. Il offre un voyage pittoresque \u00e0 travers les collines et les ruelles \u00e9troites. C&rsquo;est l&rsquo;un des meilleurs moyens de d\u00e9couvrir la ville tout en profitant d&rsquo;un trajet hors du temps. <\/p>\n\n\n\n<h2 class=\"wp-block-heading\"><strong>Admirer la ville depuis ses Miradouros <\/strong><\/h2>\n\n\n\n<p>Lisbonne est connue pour ses nombreux belv\u00e9d\u00e8res, autrement dit Miradouros, qui offrent des vues imprenables sur la ville et le fleuve Tage. Parmi les plus beaux, il retrouve le Miradouro de Santa Catrina, id\u00e9al pour un coucher de soleil ou encore le Miradouro da Senhora do Monte, qui offre un panorama spectaculaire loin de l&rsquo;agitation touristique. L&rsquo;ascenseur de Santa Justa, construit en 1902, qui permet d&rsquo;acc\u00e9der \u00e0 une plateforme offrant une vue unique sur le centre-ville.<\/p>\n\n\n\n<h2 class=\"wp-block-heading\"><strong>Sortir et profiter de la nuit Lisbo\u00e8te <\/strong><\/h2>\n\n\n\n<p>La vie nocturne de Lisbonne est aussi vibrante que vari\u00e9e. <\/p>\n\n\n\n<ul class=\"wp-block-list\">\n<li>Pour une exp\u00e9rience authentique, assistez \u00e0 un spectacle de fado dans une taverne traditionnelle d&rsquo;Alfama. Cette musique m\u00e9lancolique est inscrite au patrimoine immat\u00e9riel de l&rsquo;UNESCO et reste essentielle dans la culture portugaise. <\/li>\n\n\n\n<li>Si vous pr\u00e9f\u00e9rez plut\u00f4t les rooftops, montez au Park Bar, un bar cach\u00e9  au sommet d&rsquo;un parking offrant une vue imprenable sur la ville et le Tage. <\/li>\n\n\n\n<li>Si vous adorez faire la f\u00eate jusqu&rsquo;au bout de la nuit, direction Pink Street, l&rsquo;ancienne rue des marins reconvertie en centre n\u00e9vralgique de la vie nocturne lisbo\u00e8te. <\/li>\n<\/ul>\n\n\n\n<p><\/p>\n\n\n\n<p><\/p>\n","protected":false},"excerpt":{"rendered":"<p>Lisbonne est aussi appel\u00e9e la ville aux Sept Collines, alors que faire ? Lisbonne est une destination incontournable pour une escapade en Europe. Si vous pr\u00e9voyez de visiter la capitale du Portugal, voici quelques id\u00e9es pour profiter pleinement de votre s\u00e9jour ! D\u00e9couvrir les quartiers embl\u00e9matiques Alfama, le coeur historique de Lisbonne La v\u00e9ritable \u00e2me &hellip; <\/p>\n<p class=\"link-more\"><a href=\"https:\/\/www.cub40ua.ufra.o2switch.site\/?page_id=87\" class=\"more-link\">Lire la suite de<span class=\"screen-reader-text\">\u00ab\u00a0Que faire ?\u00a0\u00bb<\/span><\/a><\/p>\n","protected":false},"author":1,"featured_media":0,"parent":0,"menu_order":0,"comment_status":"open","ping_status":"closed","template":"","meta":{"footnotes":""},"class_list":["post-87","page","type-page","status-publish","hentry"],"yoast_head":"<!-- This site is optimized with the Yoast SEO plugin v24.5 - https:\/\/yoast.com\/wordpress\/plugins\/seo\/ -->\n<title>Que faire ? - Le Portugal<\/title>\n<meta name=\"robots\" content=\"index, follow, max-snippet:-1, max-image-preview:large, max-video-preview:-1\" \/>\n<link rel=\"canonical\" href=\"https:\/\/www.cub40ua.ufra.o2switch.site\/?page_id=87\" \/>\n<meta property=\"og:locale\" content=\"fr_FR\" \/>\n<meta property=\"og:type\" content=\"article\" \/>\n<meta property=\"og:title\" content=\"Que faire ? - Le Portugal\" \/>\n<meta property=\"og:description\" content=\"Lisbonne est aussi appel\u00e9e la ville aux Sept Collines, alors que faire ? Lisbonne est une destination incontournable pour une escapade en Europe. Si vous pr\u00e9voyez de visiter la capitale du Portugal, voici quelques id\u00e9es pour profiter pleinement de votre s\u00e9jour ! D\u00e9couvrir les quartiers embl\u00e9matiques Alfama, le coeur historique de Lisbonne La v\u00e9ritable \u00e2me &hellip; Lire la suite de\u00ab\u00a0Que faire ?\u00a0\u00bb\" \/>\n<meta property=\"og:url\" content=\"https:\/\/www.cub40ua.ufra.o2switch.site\/?page_id=87\" \/>\n<meta property=\"og:site_name\" content=\"Le Portugal\" \/>\n<meta property=\"article:modified_time\" content=\"2025-03-16T15:17:13+00:00\" \/>\n<meta name=\"twitter:card\" content=\"summary_large_image\" \/>\n<meta name=\"twitter:label1\" content=\"Dur\u00e9e de lecture estim\u00e9e\" \/>\n\t<meta name=\"twitter:data1\" content=\"3 minutes\" \/>\n<script type=\"application\/ld+json\" class=\"yoast-schema-graph\">{\"@context\":\"https:\/\/schema.org\",\"@graph\":[{\"@type\":\"WebPage\",\"@id\":\"https:\/\/www.cub40ua.ufra.o2switch.site\/?page_id=87\",\"url\":\"https:\/\/www.cub40ua.ufra.o2switch.site\/?page_id=87\",\"name\":\"Que faire ? - Le Portugal\",\"isPartOf\":{\"@id\":\"https:\/\/www.cub40ua.ufra.o2switch.site\/#website\"},\"datePublished\":\"2025-03-02T18:16:00+00:00\",\"dateModified\":\"2025-03-16T15:17:13+00:00\",\"breadcrumb\":{\"@id\":\"https:\/\/www.cub40ua.ufra.o2switch.site\/?page_id=87#breadcrumb\"},\"inLanguage\":\"fr-FR\",\"potentialAction\":[{\"@type\":\"ReadAction\",\"target\":[\"https:\/\/www.cub40ua.ufra.o2switch.site\/?page_id=87\"]}]},{\"@type\":\"BreadcrumbList\",\"@id\":\"https:\/\/www.cub40ua.ufra.o2switch.site\/?page_id=87#breadcrumb\",\"itemListElement\":[{\"@type\":\"ListItem\",\"position\":1,\"name\":\"Accueil\",\"item\":\"https:\/\/www.cub40ua.ufra.o2switch.site\/\"},{\"@type\":\"ListItem\",\"position\":2,\"name\":\"Que faire ?\"}]},{\"@type\":\"WebSite\",\"@id\":\"https:\/\/www.cub40ua.ufra.o2switch.site\/#website\",\"url\":\"https:\/\/www.cub40ua.ufra.o2switch.site\/\",\"name\":\"Le Portugal\",\"description\":\"\",\"publisher\":{\"@id\":\"https:\/\/www.cub40ua.ufra.o2switch.site\/#organization\"},\"potentialAction\":[{\"@type\":\"SearchAction\",\"target\":{\"@type\":\"EntryPoint\",\"urlTemplate\":\"https:\/\/www.cub40ua.ufra.o2switch.site\/?s={search_term_string}\"},\"query-input\":{\"@type\":\"PropertyValueSpecification\",\"valueRequired\":true,\"valueName\":\"search_term_string\"}}],\"inLanguage\":\"fr-FR\"},{\"@type\":\"Organization\",\"@id\":\"https:\/\/www.cub40ua.ufra.o2switch.site\/#organization\",\"name\":\"Le Portugal\",\"url\":\"https:\/\/www.cub40ua.ufra.o2switch.site\/\",\"logo\":{\"@type\":\"ImageObject\",\"inLanguage\":\"fr-FR\",\"@id\":\"https:\/\/www.cub40ua.ufra.o2switch.site\/#\/schema\/logo\/image\/\",\"url\":\"https:\/\/www.cub40ua.ufra.o2switch.site\/wp-content\/uploads\/2025\/02\/cropped-Le-Portugal-2.png\",\"contentUrl\":\"https:\/\/www.cub40ua.ufra.o2switch.site\/wp-content\/uploads\/2025\/02\/cropped-Le-Portugal-2.png\",\"width\":288,\"height\":351,\"caption\":\"Le Portugal\"},\"image\":{\"@id\":\"https:\/\/www.cub40ua.ufra.o2switch.site\/#\/schema\/logo\/image\/\"}}]}<\/script>\n<!-- \/ Yoast SEO plugin. -->","yoast_head_json":{"title":"Que faire ? - Le Portugal","robots":{"index":"index","follow":"follow","max-snippet":"max-snippet:-1","max-image-preview":"max-image-preview:large","max-video-preview":"max-video-preview:-1"},"canonical":"https:\/\/www.cub40ua.ufra.o2switch.site\/?page_id=87","og_locale":"fr_FR","og_type":"article","og_title":"Que faire ? - Le Portugal","og_description":"Lisbonne est aussi appel\u00e9e la ville aux Sept Collines, alors que faire ? Lisbonne est une destination incontournable pour une escapade en Europe. Si vous pr\u00e9voyez de visiter la capitale du Portugal, voici quelques id\u00e9es pour profiter pleinement de votre s\u00e9jour ! D\u00e9couvrir les quartiers embl\u00e9matiques Alfama, le coeur historique de Lisbonne La v\u00e9ritable \u00e2me &hellip; Lire la suite de\u00ab\u00a0Que faire ?\u00a0\u00bb","og_url":"https:\/\/www.cub40ua.ufra.o2switch.site\/?page_id=87","og_site_name":"Le Portugal","article_modified_time":"2025-03-16T15:17:13+00:00","twitter_card":"summary_large_image","twitter_misc":{"Dur\u00e9e de lecture estim\u00e9e":"3 minutes"},"schema":{"@context":"https:\/\/schema.org","@graph":[{"@type":"WebPage","@id":"https:\/\/www.cub40ua.ufra.o2switch.site\/?page_id=87","url":"https:\/\/www.cub40ua.ufra.o2switch.site\/?page_id=87","name":"Que faire ? - Le Portugal","isPartOf":{"@id":"https:\/\/www.cub40ua.ufra.o2switch.site\/#website"},"datePublished":"2025-03-02T18:16:00+00:00","dateModified":"2025-03-16T15:17:13+00:00","breadcrumb":{"@id":"https:\/\/www.cub40ua.ufra.o2switch.site\/?page_id=87#breadcrumb"},"inLanguage":"fr-FR","potentialAction":[{"@type":"ReadAction","target":["https:\/\/www.cub40ua.ufra.o2switch.site\/?page_id=87"]}]},{"@type":"BreadcrumbList","@id":"https:\/\/www.cub40ua.ufra.o2switch.site\/?page_id=87#breadcrumb","itemListElement":[{"@type":"ListItem","position":1,"name":"Accueil","item":"https:\/\/www.cub40ua.ufra.o2switch.site\/"},{"@type":"ListItem","position":2,"name":"Que faire ?"}]},{"@type":"WebSite","@id":"https:\/\/www.cub40ua.ufra.o2switch.site\/#website","url":"https:\/\/www.cub40ua.ufra.o2switch.site\/","name":"Le Portugal","description":"","publisher":{"@id":"https:\/\/www.cub40ua.ufra.o2switch.site\/#organization"},"potentialAction":[{"@type":"SearchAction","target":{"@type":"EntryPoint","urlTemplate":"https:\/\/www.cub40ua.ufra.o2switch.site\/?s={search_term_string}"},"query-input":{"@type":"PropertyValueSpecification","valueRequired":true,"valueName":"search_term_string"}}],"inLanguage":"fr-FR"},{"@type":"Organization","@id":"https:\/\/www.cub40ua.ufra.o2switch.site\/#organization","name":"Le Portugal","url":"https:\/\/www.cub40ua.ufra.o2switch.site\/","logo":{"@type":"ImageObject","inLanguage":"fr-FR","@id":"https:\/\/www.cub40ua.ufra.o2switch.site\/#\/schema\/logo\/image\/","url":"https:\/\/www.cub40ua.ufra.o2switch.site\/wp-content\/uploads\/2025\/02\/cropped-Le-Portugal-2.png","contentUrl":"https:\/\/www.cub40ua.ufra.o2switch.site\/wp-content\/uploads\/2025\/02\/cropped-Le-Portugal-2.png","width":288,"height":351,"caption":"Le Portugal"},"image":{"@id":"https:\/\/www.cub40ua.ufra.o2switch.site\/#\/schema\/logo\/image\/"}}]}},"_links":{"self":[{"href":"https:\/\/www.cub40ua.ufra.o2switch.site\/index.php?rest_route=\/wp\/v2\/pages\/87","targetHints":{"allow":["GET"]}}],"collection":[{"href":"https:\/\/www.cub40ua.ufra.o2switch.site\/index.php?rest_route=\/wp\/v2\/pages"}],"about":[{"href":"https:\/\/www.cub40ua.ufra.o2switch.site\/index.php?rest_route=\/wp\/v2\/types\/page"}],"author":[{"embeddable":true,"href":"https:\/\/www.cub40ua.ufra.o2switch.site\/index.php?rest_route=\/wp\/v2\/users\/1"}],"replies":[{"embeddable":true,"href":"https:\/\/www.cub40ua.ufra.o2switch.site\/index.php?rest_route=%2Fwp%2Fv2%2Fcomments&post=87"}],"version-history":[{"count":17,"href":"https:\/\/www.cub40ua.ufra.o2switch.site\/index.php?rest_route=\/wp\/v2\/pages\/87\/revisions"}],"predecessor-version":[{"id":370,"href":"https:\/\/www.cub40ua.ufra.o2switch.site\/index.php?rest_route=\/wp\/v2\/pages\/87\/revisions\/370"}],"wp:attachment":[{"href":"https:\/\/www.cub40ua.ufra.o2switch.site\/index.php?rest_route=%2Fwp%2Fv2%2Fmedia&parent=87"}],"curies":[{"name":"wp","href":"https:\/\/api.w.org\/{rel}","templated":true}]}}