{"id":9,"date":"2025-02-20T16:31:29","date_gmt":"2025-02-20T15:31:29","guid":{"rendered":"http:\/\/www.cub40ua.ufra.o2switch.site\/?page_id=9"},"modified":"2025-03-15T14:08:32","modified_gmt":"2025-03-15T13:08:32","slug":"accueil","status":"publish","type":"page","link":"https:\/\/www.cub40ua.ufra.o2switch.site\/","title":{"rendered":"Accueil"},"content":{"rendered":"\n<p><a href=\"https:\/\/fr.wikipedia.org\/wiki\/Portugal\">Le Portugal<\/a>, une destination entre tradition et modernit\u00e9<\/p>\n\n\n\n<p>Chaque r\u00e9gion d\u00e9voile une facette unique du pays. Bord\u00e9 par l&rsquo;oc\u00e9an Atlantique, il offre un m\u00e9lange harmonieux entre villes pittoresques et paysages sauvages.<\/p>\n\n\n\n<p><a href=\"https:\/\/fr.wikipedia.org\/wiki\/Lisbonne\">Lisbonne<\/a>, la capitale du Portugal, s\u00e9duit souvent les touristes avec son atmosph\u00e8re boh\u00e8me. Ses tramways jaunes et ses miradouros offrant des vues imprenables sur le Tage. A quelques heures au nord, <a href=\"https:\/\/fr.wikipedia.org\/wiki\/Porto\">Porto<\/a> avec son quartier historique class\u00e9 au patrimoine de l&rsquo;UNESCO et ses caves de vin de Porto mondialement connues.<\/p>\n\n\n\n<p>Mais voyager au Portugal, c&rsquo;est aussi partir \u00e0 la rencontre d&rsquo;une culture chaleureuse et palpitante. Le fado, ce chant ancestral, r\u00e9sonne dans les rues \u00e9troites des quartiers historiques. C\u00f4t\u00e9 gastronomie, chaque repas est une d\u00e9couverte de vari\u00e9t\u00e9s de saveurs. Le Portugal est une destination qui ne cesse de surprendre et d&rsquo;enchanter ses visiteurs. Si vous cherchez l&rsquo;aventure, la d\u00e9tente ou une immersion culturelle, le Portugal vous attend. N&rsquo;h\u00e9sitez pas \u00e0 lire l&rsquo;article sur <a href=\"http:\/\/www.cub40ua.ufra.o2switch.site\/?p=340\">les conseils pratiques pour un voyage au Portugal<\/a>. <\/p>\n\n\n\n<p><\/p>\n\n\n\n<p><\/p>\n\n\n\n\n\n\n<p><\/p>\n\n\n\n<p>Si vous souhaitez d\u00e9couvrir d&rsquo;autres destinations que celle du Portugal, je vous recommande de consulter le site web <a href=\"https:\/\/www.cub42ua.ufra.o2switch.site\/\">o\u00f9 partir en vacances en 2025 ?<\/a> <\/p>\n","protected":false},"excerpt":{"rendered":"<p>Le Portugal, une destination entre tradition et modernit\u00e9 Chaque r\u00e9gion d\u00e9voile une facette unique du pays. Bord\u00e9 par l&rsquo;oc\u00e9an Atlantique, il offre un m\u00e9lange harmonieux entre villes pittoresques et paysages sauvages. Lisbonne, la capitale du Portugal, s\u00e9duit souvent les touristes avec son atmosph\u00e8re boh\u00e8me. Ses tramways jaunes et ses miradouros offrant des vues imprenables sur &hellip; <\/p>\n<p class=\"link-more\"><a href=\"https:\/\/www.cub40ua.ufra.o2switch.site\/\" class=\"more-link\">Lire la suite de<span class=\"screen-reader-text\">\u00ab\u00a0Accueil\u00a0\u00bb<\/span><\/a><\/p>\n","protected":false},"author":1,"featured_media":0,"parent":0,"menu_order":0,"comment_status":"open","ping_status":"closed","template":"","meta":{"footnotes":""},"class_list":["post-9","page","type-page","status-publish","hentry"],"yoast_head":"<!-- This site is optimized with the Yoast SEO plugin v24.5 - https:\/\/yoast.com\/wordpress\/plugins\/seo\/ -->\n<title>Accueil - Le Portugal<\/title>\n<meta name=\"robots\" content=\"index, follow, max-snippet:-1, max-image-preview:large, max-video-preview:-1\" \/>\n<link rel=\"canonical\" href=\"https:\/\/www.cub40ua.ufra.o2switch.site\/\" \/>\n<meta property=\"og:locale\" content=\"fr_FR\" \/>\n<meta property=\"og:type\" content=\"article\" \/>\n<meta property=\"og:title\" content=\"Accueil - Le Portugal\" \/>\n<meta property=\"og:description\" content=\"Le Portugal, une destination entre tradition et modernit\u00e9 Chaque r\u00e9gion d\u00e9voile une facette unique du pays. Bord\u00e9 par l&rsquo;oc\u00e9an Atlantique, il offre un m\u00e9lange harmonieux entre villes pittoresques et paysages sauvages. Lisbonne, la capitale du Portugal, s\u00e9duit souvent les touristes avec son atmosph\u00e8re boh\u00e8me. Ses tramways jaunes et ses miradouros offrant des vues imprenables sur &hellip; Lire la suite de\u00ab\u00a0Accueil\u00a0\u00bb\" \/>\n<meta property=\"og:url\" content=\"https:\/\/www.cub40ua.ufra.o2switch.site\/\" \/>\n<meta property=\"og:site_name\" content=\"Le Portugal\" \/>\n<meta property=\"article:modified_time\" content=\"2025-03-15T13:08:32+00:00\" \/>\n<meta name=\"twitter:card\" content=\"summary_large_image\" \/>\n<meta name=\"twitter:label1\" content=\"Dur\u00e9e de lecture estim\u00e9e\" \/>\n\t<meta name=\"twitter:data1\" content=\"1 minute\" \/>\n<script type=\"application\/ld+json\" class=\"yoast-schema-graph\">{\"@context\":\"https:\/\/schema.org\",\"@graph\":[{\"@type\":\"WebPage\",\"@id\":\"https:\/\/www.cub40ua.ufra.o2switch.site\/\",\"url\":\"https:\/\/www.cub40ua.ufra.o2switch.site\/\",\"name\":\"Accueil - Le Portugal\",\"isPartOf\":{\"@id\":\"https:\/\/www.cub40ua.ufra.o2switch.site\/#website\"},\"datePublished\":\"2025-02-20T15:31:29+00:00\",\"dateModified\":\"2025-03-15T13:08:32+00:00\",\"breadcrumb\":{\"@id\":\"https:\/\/www.cub40ua.ufra.o2switch.site\/#breadcrumb\"},\"inLanguage\":\"fr-FR\",\"potentialAction\":[{\"@type\":\"ReadAction\",\"target\":[\"https:\/\/www.cub40ua.ufra.o2switch.site\/\"]}]},{\"@type\":\"BreadcrumbList\",\"@id\":\"https:\/\/www.cub40ua.ufra.o2switch.site\/#breadcrumb\",\"itemListElement\":[{\"@type\":\"ListItem\",\"position\":1,\"name\":\"Accueil\",\"item\":\"https:\/\/www.cub40ua.ufra.o2switch.site\/\"},{\"@type\":\"ListItem\",\"position\":2,\"name\":\"Accueil\"}]},{\"@type\":\"WebSite\",\"@id\":\"https:\/\/www.cub40ua.ufra.o2switch.site\/#website\",\"url\":\"https:\/\/www.cub40ua.ufra.o2switch.site\/\",\"name\":\"Le Portugal\",\"description\":\"\",\"publisher\":{\"@id\":\"https:\/\/www.cub40ua.ufra.o2switch.site\/#organization\"},\"potentialAction\":[{\"@type\":\"SearchAction\",\"target\":{\"@type\":\"EntryPoint\",\"urlTemplate\":\"https:\/\/www.cub40ua.ufra.o2switch.site\/?s={search_term_string}\"},\"query-input\":{\"@type\":\"PropertyValueSpecification\",\"valueRequired\":true,\"valueName\":\"search_term_string\"}}],\"inLanguage\":\"fr-FR\"},{\"@type\":\"Organization\",\"@id\":\"https:\/\/www.cub40ua.ufra.o2switch.site\/#organization\",\"name\":\"Le Portugal\",\"url\":\"https:\/\/www.cub40ua.ufra.o2switch.site\/\",\"logo\":{\"@type\":\"ImageObject\",\"inLanguage\":\"fr-FR\",\"@id\":\"https:\/\/www.cub40ua.ufra.o2switch.site\/#\/schema\/logo\/image\/\",\"url\":\"https:\/\/www.cub40ua.ufra.o2switch.site\/wp-content\/uploads\/2025\/02\/cropped-Le-Portugal-2.png\",\"contentUrl\":\"https:\/\/www.cub40ua.ufra.o2switch.site\/wp-content\/uploads\/2025\/02\/cropped-Le-Portugal-2.png\",\"width\":288,\"height\":351,\"caption\":\"Le Portugal\"},\"image\":{\"@id\":\"https:\/\/www.cub40ua.ufra.o2switch.site\/#\/schema\/logo\/image\/\"}}]}<\/script>\n<!-- \/ Yoast SEO plugin. -->","yoast_head_json":{"title":"Accueil - Le Portugal","robots":{"index":"index","follow":"follow","max-snippet":"max-snippet:-1","max-image-preview":"max-image-preview:large","max-video-preview":"max-video-preview:-1"},"canonical":"https:\/\/www.cub40ua.ufra.o2switch.site\/","og_locale":"fr_FR","og_type":"article","og_title":"Accueil - Le Portugal","og_description":"Le Portugal, une destination entre tradition et modernit\u00e9 Chaque r\u00e9gion d\u00e9voile une facette unique du pays. Bord\u00e9 par l&rsquo;oc\u00e9an Atlantique, il offre un m\u00e9lange harmonieux entre villes pittoresques et paysages sauvages. Lisbonne, la capitale du Portugal, s\u00e9duit souvent les touristes avec son atmosph\u00e8re boh\u00e8me. Ses tramways jaunes et ses miradouros offrant des vues imprenables sur &hellip; Lire la suite de\u00ab\u00a0Accueil\u00a0\u00bb","og_url":"https:\/\/www.cub40ua.ufra.o2switch.site\/","og_site_name":"Le Portugal","article_modified_time":"2025-03-15T13:08:32+00:00","twitter_card":"summary_large_image","twitter_misc":{"Dur\u00e9e de lecture estim\u00e9e":"1 minute"},"schema":{"@context":"https:\/\/schema.org","@graph":[{"@type":"WebPage","@id":"https:\/\/www.cub40ua.ufra.o2switch.site\/","url":"https:\/\/www.cub40ua.ufra.o2switch.site\/","name":"Accueil - Le Portugal","isPartOf":{"@id":"https:\/\/www.cub40ua.ufra.o2switch.site\/#website"},"datePublished":"2025-02-20T15:31:29+00:00","dateModified":"2025-03-15T13:08:32+00:00","breadcrumb":{"@id":"https:\/\/www.cub40ua.ufra.o2switch.site\/#breadcrumb"},"inLanguage":"fr-FR","potentialAction":[{"@type":"ReadAction","target":["https:\/\/www.cub40ua.ufra.o2switch.site\/"]}]},{"@type":"BreadcrumbList","@id":"https:\/\/www.cub40ua.ufra.o2switch.site\/#breadcrumb","itemListElement":[{"@type":"ListItem","position":1,"name":"Accueil","item":"https:\/\/www.cub40ua.ufra.o2switch.site\/"},{"@type":"ListItem","position":2,"name":"Accueil"}]},{"@type":"WebSite","@id":"https:\/\/www.cub40ua.ufra.o2switch.site\/#website","url":"https:\/\/www.cub40ua.ufra.o2switch.site\/","name":"Le Portugal","description":"","publisher":{"@id":"https:\/\/www.cub40ua.ufra.o2switch.site\/#organization"},"potentialAction":[{"@type":"SearchAction","target":{"@type":"EntryPoint","urlTemplate":"https:\/\/www.cub40ua.ufra.o2switch.site\/?s={search_term_string}"},"query-input":{"@type":"PropertyValueSpecification","valueRequired":true,"valueName":"search_term_string"}}],"inLanguage":"fr-FR"},{"@type":"Organization","@id":"https:\/\/www.cub40ua.ufra.o2switch.site\/#organization","name":"Le Portugal","url":"https:\/\/www.cub40ua.ufra.o2switch.site\/","logo":{"@type":"ImageObject","inLanguage":"fr-FR","@id":"https:\/\/www.cub40ua.ufra.o2switch.site\/#\/schema\/logo\/image\/","url":"https:\/\/www.cub40ua.ufra.o2switch.site\/wp-content\/uploads\/2025\/02\/cropped-Le-Portugal-2.png","contentUrl":"https:\/\/www.cub40ua.ufra.o2switch.site\/wp-content\/uploads\/2025\/02\/cropped-Le-Portugal-2.png","width":288,"height":351,"caption":"Le Portugal"},"image":{"@id":"https:\/\/www.cub40ua.ufra.o2switch.site\/#\/schema\/logo\/image\/"}}]}},"_links":{"self":[{"href":"https:\/\/www.cub40ua.ufra.o2switch.site\/index.php?rest_route=\/wp\/v2\/pages\/9","targetHints":{"allow":["GET"]}}],"collection":[{"href":"https:\/\/www.cub40ua.ufra.o2switch.site\/index.php?rest_route=\/wp\/v2\/pages"}],"about":[{"href":"https:\/\/www.cub40ua.ufra.o2switch.site\/index.php?rest_route=\/wp\/v2\/types\/page"}],"author":[{"embeddable":true,"href":"https:\/\/www.cub40ua.ufra.o2switch.site\/index.php?rest_route=\/wp\/v2\/users\/1"}],"replies":[{"embeddable":true,"href":"https:\/\/www.cub40ua.ufra.o2switch.site\/index.php?rest_route=%2Fwp%2Fv2%2Fcomments&post=9"}],"version-history":[{"count":10,"href":"https:\/\/www.cub40ua.ufra.o2switch.site\/index.php?rest_route=\/wp\/v2\/pages\/9\/revisions"}],"predecessor-version":[{"id":351,"href":"https:\/\/www.cub40ua.ufra.o2switch.site\/index.php?rest_route=\/wp\/v2\/pages\/9\/revisions\/351"}],"wp:attachment":[{"href":"https:\/\/www.cub40ua.ufra.o2switch.site\/index.php?rest_route=%2Fwp%2Fv2%2Fmedia&parent=9"}],"curies":[{"name":"wp","href":"https:\/\/api.w.org\/{rel}","templated":true}]}}